{"id":891,"date":"2024-11-06T18:32:25","date_gmt":"2024-11-06T17:32:25","guid":{"rendered":"https:\/\/antojosfit.es\/?post_type=product&#038;p=891"},"modified":"2025-08-06T17:51:23","modified_gmt":"2025-08-06T15:51:23","slug":"smash-cake-solo-para-recoger-en-tienda","status":"publish","type":"product","link":"https:\/\/antojosfit.es\/es\/producto\/smash-cake-solo-para-recoger-en-tienda\/","title":{"rendered":"Smash Cake (Solo para recoger en tienda)"},"content":{"rendered":"<div data-elementor-type=\"wp-post\" data-elementor-id=\"891\" class=\"elementor elementor-891\">\n\t\t\t\t<div class=\"elementor-element elementor-element-f994644 e-flex e-con-boxed wpr-particle-no wpr-jarallax-no wpr-parallax-no wpr-sticky-section-no wpr-equal-height-no e-con e-parent\" data-id=\"f994644\" data-element_type=\"container\" data-e-type=\"container\">\n\t\t\t\t\t<div class=\"e-con-inner\">\n\t\t\t\t<div class=\"elementor-element elementor-element-6301a4e elementor-widget elementor-widget-text-editor\" data-id=\"6301a4e\" data-element_type=\"widget\" data-e-type=\"widget\" data-widget_type=\"text-editor.default\">\n\t\t\t\t<div class=\"elementor-widget-container\">\n\t\t\t\t\t\t\t\t\t<p>Celebra los cumplea\u00f1os de tu beb\u00e9 con nuestro Smash Cake, una tarta saludable y deliciosa dise\u00f1ada especialmente para los m\u00e1s peque\u00f1os. Esta tarta est\u00e1 elaborada con harina de espelta integral, pl\u00e1tano y d\u00e1tiles, sin ning\u00fan tipo de edulcorante; los \u00fanicos endulzantes son el pl\u00e1tano y los d\u00e1tiles, brindando un dulzor natural y suave. La cobertura y el relleno est\u00e1n hechos de una cremosa mezcla de queso y d\u00e1tiles, que a\u00f1ade un toque de dulzura sin a\u00f1adir az\u00facares refinados. Con una textura esponjosa y un sabor suave, este pastel es perfecto para que tu beb\u00e9 disfrute, explore y se embarre de forma segura y saludable. \u00a1Un pastel lleno de ingredientes naturales para un recuerdo inolvidable!<\/p>\t\t\t\t\t\t\t\t<\/div>\n\t\t\t\t<\/div>\n\t\t\t\t\t<\/div>\n\t\t\t\t<\/div>\n\t\t\t\t<\/div>","protected":false},"excerpt":{"rendered":"<p>Nuestro Smash Cake es una tarta saludable, sin edulcorantes a\u00f1adidos, endulzada con pl\u00e1tano y d\u00e1tiles. Cubierta y rellena con una suave crema de queso endulzada naturalmente con pasta de d\u00e1tiles, es ideal para celebrar el primer gran momento de tu beb\u00e9.<\/p>\n<p>&nbsp;<\/p>\n<p>Fotograf\u00edas realizadas por IG:@lauraestebanfotografia<\/p>","protected":false},"featured_media":925,"comment_status":"closed","ping_status":"closed","template":"","meta":{"_joinchat":[]},"product_brand":[],"product_cat":[73,77,68,74],"product_tag":[],"class_list":{"0":"post-891","1":"product","2":"type-product","3":"status-publish","4":"has-post-thumbnail","6":"product_cat-bizcochos","7":"product_cat-merienda","8":"product_cat-sin-lactosa","9":"product_cat-tartas","11":"first","12":"instock","13":"taxable","14":"shipping-taxable","15":"purchasable","16":"product-type-simple"},"yoast_head":"<!-- This site is optimized with the Yoast SEO plugin v27.5 - https:\/\/yoast.com\/product\/yoast-seo-wordpress\/ -->\n<title>Smash Cake (Solo para recoger en tienda) - Antojosfit<\/title>\n<meta name=\"description\" content=\"Smash Cake saludable para beb\u00e9s: sin lactosa, sin cereal y con ingredientes naturales. Ideal para sesiones de fotos y celebraciones.\" \/>\n<meta name=\"robots\" content=\"index, follow, max-snippet:-1, max-image-preview:large, max-video-preview:-1\" \/>\n<link rel=\"canonical\" href=\"https:\/\/antojosfit.es\/es\/producto\/smash-cake-solo-para-recoger-en-tienda\/\" \/>\n<meta property=\"og:locale\" content=\"es_ES\" \/>\n<meta property=\"og:type\" content=\"article\" \/>\n<meta property=\"og:title\" content=\"Smash Cake (Solo para recoger en tienda) - Antojosfit\" \/>\n<meta property=\"og:description\" content=\"Smash Cake saludable para beb\u00e9s: sin lactosa, sin cereal y con ingredientes naturales. Ideal para sesiones de fotos y celebraciones.\" \/>\n<meta property=\"og:url\" content=\"https:\/\/antojosfit.es\/es\/producto\/smash-cake-solo-para-recoger-en-tienda\/\" \/>\n<meta property=\"og:site_name\" content=\"Antojosfit\" \/>\n<meta property=\"article:publisher\" content=\"https:\/\/www.facebook.com\/antojosfit.es\" \/>\n<meta property=\"article:modified_time\" content=\"2025-08-06T15:51:23+00:00\" \/>\n<meta property=\"og:image\" content=\"https:\/\/antojosfit.es\/wp-content\/uploads\/2024\/11\/smash-cake-1.jpg\" \/>\n\t<meta property=\"og:image:width\" content=\"800\" \/>\n\t<meta property=\"og:image:height\" content=\"800\" \/>\n\t<meta property=\"og:image:type\" content=\"image\/jpeg\" \/>\n<meta name=\"twitter:card\" content=\"summary_large_image\" \/>\n<meta name=\"twitter:label1\" content=\"Tiempo de lectura\" \/>\n\t<meta name=\"twitter:data1\" content=\"1 minuto\" \/>\n<script type=\"application\/ld+json\" class=\"yoast-schema-graph\">{\"@context\":\"https:\\\/\\\/schema.org\",\"@graph\":[{\"@type\":\"WebPage\",\"@id\":\"https:\\\/\\\/antojosfit.es\\\/producto\\\/smash-cake-solo-para-recoger-en-tienda\\\/\",\"url\":\"https:\\\/\\\/antojosfit.es\\\/producto\\\/smash-cake-solo-para-recoger-en-tienda\\\/\",\"name\":\"Smash Cake (Solo para recoger en tienda) - Antojosfit\",\"isPartOf\":{\"@id\":\"https:\\\/\\\/antojosfit.es\\\/#website\"},\"primaryImageOfPage\":{\"@id\":\"https:\\\/\\\/antojosfit.es\\\/producto\\\/smash-cake-solo-para-recoger-en-tienda\\\/#primaryimage\"},\"image\":{\"@id\":\"https:\\\/\\\/antojosfit.es\\\/producto\\\/smash-cake-solo-para-recoger-en-tienda\\\/#primaryimage\"},\"thumbnailUrl\":\"https:\\\/\\\/antojosfit.es\\\/wp-content\\\/uploads\\\/2024\\\/11\\\/smash-cake-1.jpg\",\"datePublished\":\"2024-11-06T17:32:25+00:00\",\"dateModified\":\"2025-08-06T15:51:23+00:00\",\"description\":\"Smash Cake saludable para beb\u00e9s: sin lactosa, sin cereal y con ingredientes naturales. Ideal para sesiones de fotos y celebraciones.\",\"breadcrumb\":{\"@id\":\"https:\\\/\\\/antojosfit.es\\\/producto\\\/smash-cake-solo-para-recoger-en-tienda\\\/#breadcrumb\"},\"inLanguage\":\"es\",\"potentialAction\":[{\"@type\":\"ReadAction\",\"target\":[\"https:\\\/\\\/antojosfit.es\\\/producto\\\/smash-cake-solo-para-recoger-en-tienda\\\/\"]}]},{\"@type\":\"ImageObject\",\"inLanguage\":\"es\",\"@id\":\"https:\\\/\\\/antojosfit.es\\\/producto\\\/smash-cake-solo-para-recoger-en-tienda\\\/#primaryimage\",\"url\":\"https:\\\/\\\/antojosfit.es\\\/wp-content\\\/uploads\\\/2024\\\/11\\\/smash-cake-1.jpg\",\"contentUrl\":\"https:\\\/\\\/antojosfit.es\\\/wp-content\\\/uploads\\\/2024\\\/11\\\/smash-cake-1.jpg\",\"width\":800,\"height\":800},{\"@type\":\"BreadcrumbList\",\"@id\":\"https:\\\/\\\/antojosfit.es\\\/producto\\\/smash-cake-solo-para-recoger-en-tienda\\\/#breadcrumb\",\"itemListElement\":[{\"@type\":\"ListItem\",\"position\":1,\"name\":\"Portada\",\"item\":\"https:\\\/\\\/antojosfit.es\\\/\"},{\"@type\":\"ListItem\",\"position\":2,\"name\":\"Products\",\"item\":\"https:\\\/\\\/antojosfit.es\\\/shop\\\/\"},{\"@type\":\"ListItem\",\"position\":3,\"name\":\"Smash Cake (Solo para recoger en tienda)\"}]},{\"@type\":\"WebSite\",\"@id\":\"https:\\\/\\\/antojosfit.es\\\/#website\",\"url\":\"https:\\\/\\\/antojosfit.es\\\/\",\"name\":\"Antojosfit\",\"description\":\"Pasteler\u00eda y reposter\u00eda saludable en Madrid\",\"publisher\":{\"@id\":\"https:\\\/\\\/antojosfit.es\\\/#organization\"},\"alternateName\":\"Antojosfit\",\"potentialAction\":[{\"@type\":\"SearchAction\",\"target\":{\"@type\":\"EntryPoint\",\"urlTemplate\":\"https:\\\/\\\/antojosfit.es\\\/?s={search_term_string}\"},\"query-input\":{\"@type\":\"PropertyValueSpecification\",\"valueRequired\":true,\"valueName\":\"search_term_string\"}}],\"inLanguage\":\"es\"},{\"@type\":\"Organization\",\"@id\":\"https:\\\/\\\/antojosfit.es\\\/#organization\",\"name\":\"Antojosfit\",\"alternateName\":\"Antojosfit\",\"url\":\"https:\\\/\\\/antojosfit.es\\\/\",\"logo\":{\"@type\":\"ImageObject\",\"inLanguage\":\"es\",\"@id\":\"https:\\\/\\\/antojosfit.es\\\/#\\\/schema\\\/logo\\\/image\\\/\",\"url\":\"https:\\\/\\\/antojosfit.es\\\/wp-content\\\/uploads\\\/2024\\\/11\\\/image_resized_512x512.png\",\"contentUrl\":\"https:\\\/\\\/antojosfit.es\\\/wp-content\\\/uploads\\\/2024\\\/11\\\/image_resized_512x512.png\",\"width\":512,\"height\":512,\"caption\":\"Antojosfit\"},\"image\":{\"@id\":\"https:\\\/\\\/antojosfit.es\\\/#\\\/schema\\\/logo\\\/image\\\/\"},\"sameAs\":[\"https:\\\/\\\/www.facebook.com\\\/antojosfit.es\"]}]}<\/script>\n<!-- \/ Yoast SEO plugin. -->","yoast_head_json":{"title":"Smash Cake (Solo para recoger en tienda) - Antojosfit","description":"Smash Cake saludable para beb\u00e9s: sin lactosa, sin cereal y con ingredientes naturales. Ideal para sesiones de fotos y celebraciones.","robots":{"index":"index","follow":"follow","max-snippet":"max-snippet:-1","max-image-preview":"max-image-preview:large","max-video-preview":"max-video-preview:-1"},"canonical":"https:\/\/antojosfit.es\/es\/producto\/smash-cake-solo-para-recoger-en-tienda\/","og_locale":"es_ES","og_type":"article","og_title":"Smash Cake (Solo para recoger en tienda) - Antojosfit","og_description":"Smash Cake saludable para beb\u00e9s: sin lactosa, sin cereal y con ingredientes naturales. Ideal para sesiones de fotos y celebraciones.","og_url":"https:\/\/antojosfit.es\/es\/producto\/smash-cake-solo-para-recoger-en-tienda\/","og_site_name":"Antojosfit","article_publisher":"https:\/\/www.facebook.com\/antojosfit.es","article_modified_time":"2025-08-06T15:51:23+00:00","og_image":[{"width":800,"height":800,"url":"https:\/\/antojosfit.es\/wp-content\/uploads\/2024\/11\/smash-cake-1.jpg","type":"image\/jpeg"}],"twitter_card":"summary_large_image","twitter_misc":{"Tiempo de lectura":"1 minuto"},"schema":{"@context":"https:\/\/schema.org","@graph":[{"@type":"WebPage","@id":"https:\/\/antojosfit.es\/producto\/smash-cake-solo-para-recoger-en-tienda\/","url":"https:\/\/antojosfit.es\/producto\/smash-cake-solo-para-recoger-en-tienda\/","name":"Smash Cake (Solo para recoger en tienda) - Antojosfit","isPartOf":{"@id":"https:\/\/antojosfit.es\/#website"},"primaryImageOfPage":{"@id":"https:\/\/antojosfit.es\/producto\/smash-cake-solo-para-recoger-en-tienda\/#primaryimage"},"image":{"@id":"https:\/\/antojosfit.es\/producto\/smash-cake-solo-para-recoger-en-tienda\/#primaryimage"},"thumbnailUrl":"https:\/\/antojosfit.es\/wp-content\/uploads\/2024\/11\/smash-cake-1.jpg","datePublished":"2024-11-06T17:32:25+00:00","dateModified":"2025-08-06T15:51:23+00:00","description":"Smash Cake saludable para beb\u00e9s: sin lactosa, sin cereal y con ingredientes naturales. Ideal para sesiones de fotos y celebraciones.","breadcrumb":{"@id":"https:\/\/antojosfit.es\/producto\/smash-cake-solo-para-recoger-en-tienda\/#breadcrumb"},"inLanguage":"es","potentialAction":[{"@type":"ReadAction","target":["https:\/\/antojosfit.es\/producto\/smash-cake-solo-para-recoger-en-tienda\/"]}]},{"@type":"ImageObject","inLanguage":"es","@id":"https:\/\/antojosfit.es\/producto\/smash-cake-solo-para-recoger-en-tienda\/#primaryimage","url":"https:\/\/antojosfit.es\/wp-content\/uploads\/2024\/11\/smash-cake-1.jpg","contentUrl":"https:\/\/antojosfit.es\/wp-content\/uploads\/2024\/11\/smash-cake-1.jpg","width":800,"height":800},{"@type":"BreadcrumbList","@id":"https:\/\/antojosfit.es\/producto\/smash-cake-solo-para-recoger-en-tienda\/#breadcrumb","itemListElement":[{"@type":"ListItem","position":1,"name":"Portada","item":"https:\/\/antojosfit.es\/"},{"@type":"ListItem","position":2,"name":"Products","item":"https:\/\/antojosfit.es\/shop\/"},{"@type":"ListItem","position":3,"name":"Smash Cake (Solo para recoger en tienda)"}]},{"@type":"WebSite","@id":"https:\/\/antojosfit.es\/#website","url":"https:\/\/antojosfit.es\/","name":"Antojosfit","description":"Pasteler\u00eda y reposter\u00eda saludable en Madrid","publisher":{"@id":"https:\/\/antojosfit.es\/#organization"},"alternateName":"Antojosfit","potentialAction":[{"@type":"SearchAction","target":{"@type":"EntryPoint","urlTemplate":"https:\/\/antojosfit.es\/?s={search_term_string}"},"query-input":{"@type":"PropertyValueSpecification","valueRequired":true,"valueName":"search_term_string"}}],"inLanguage":"es"},{"@type":"Organization","@id":"https:\/\/antojosfit.es\/#organization","name":"Antojosfit","alternateName":"Antojosfit","url":"https:\/\/antojosfit.es\/","logo":{"@type":"ImageObject","inLanguage":"es","@id":"https:\/\/antojosfit.es\/#\/schema\/logo\/image\/","url":"https:\/\/antojosfit.es\/wp-content\/uploads\/2024\/11\/image_resized_512x512.png","contentUrl":"https:\/\/antojosfit.es\/wp-content\/uploads\/2024\/11\/image_resized_512x512.png","width":512,"height":512,"caption":"Antojosfit"},"image":{"@id":"https:\/\/antojosfit.es\/#\/schema\/logo\/image\/"},"sameAs":["https:\/\/www.facebook.com\/antojosfit.es"]}]}},"jetpack_sharing_enabled":true,"_links":{"self":[{"href":"https:\/\/antojosfit.es\/es\/wp-json\/wp\/v2\/product\/891","targetHints":{"allow":["GET"]}}],"collection":[{"href":"https:\/\/antojosfit.es\/es\/wp-json\/wp\/v2\/product"}],"about":[{"href":"https:\/\/antojosfit.es\/es\/wp-json\/wp\/v2\/types\/product"}],"replies":[{"embeddable":true,"href":"https:\/\/antojosfit.es\/es\/wp-json\/wp\/v2\/comments?post=891"}],"version-history":[{"count":7,"href":"https:\/\/antojosfit.es\/es\/wp-json\/wp\/v2\/product\/891\/revisions"}],"predecessor-version":[{"id":1331,"href":"https:\/\/antojosfit.es\/es\/wp-json\/wp\/v2\/product\/891\/revisions\/1331"}],"wp:featuredmedia":[{"embeddable":true,"href":"https:\/\/antojosfit.es\/es\/wp-json\/wp\/v2\/media\/925"}],"wp:attachment":[{"href":"https:\/\/antojosfit.es\/es\/wp-json\/wp\/v2\/media?parent=891"}],"wp:term":[{"taxonomy":"product_brand","embeddable":true,"href":"https:\/\/antojosfit.es\/es\/wp-json\/wp\/v2\/product_brand?post=891"},{"taxonomy":"product_cat","embeddable":true,"href":"https:\/\/antojosfit.es\/es\/wp-json\/wp\/v2\/product_cat?post=891"},{"taxonomy":"product_tag","embeddable":true,"href":"https:\/\/antojosfit.es\/es\/wp-json\/wp\/v2\/product_tag?post=891"}],"curies":[{"name":"wp","href":"https:\/\/api.w.org\/{rel}","templated":true}]}}