{"id":887,"date":"2024-11-06T18:32:24","date_gmt":"2024-11-06T17:32:24","guid":{"rendered":"https:\/\/antojosfit.es\/?post_type=product&#038;p=887"},"modified":"2025-08-27T10:49:51","modified_gmt":"2025-08-27T08:49:51","slug":"trufas-de-calabaza","status":"publish","type":"product","link":"https:\/\/antojosfit.es\/es\/producto\/trufas-de-calabaza\/","title":{"rendered":"Trufas de Calabaza"},"content":{"rendered":"<p>Las Trufas de Calabaza son un bocado saludable y delicioso, elaborado con pur\u00e9 natural de calabaza, harina de coco y d\u00e1tiles para un dulzor natural. Con un toque de cacahuete y especias oto\u00f1ales, estas trufas son la opci\u00f3n perfecta para un antojo saludable, llenas de sabor y libres de az\u00facares a\u00f1adidos y cereales, cubiertas en chocolate negro. Ideales para disfrutar en cualquier momento del d\u00eda, te ofrecen una experiencia de sabor \u00fanica, mientras te cuidas y te das el gusto que mereces.<\/p>","protected":false},"excerpt":{"rendered":"<p>Dale un toque de oto\u00f1o a tus antojos con nuestras Trufas de Calabaza, hechas con ingredientes naturales para disfrutar mientras cuidas de ti.<\/p>\n<p>Puede contener trazas de leche y frutos-c\u00e1scara<\/p>","protected":false},"featured_media":1633,"comment_status":"closed","ping_status":"closed","template":"","meta":{"_joinchat":[]},"product_brand":[],"product_cat":[78,77,35],"product_tag":[],"class_list":{"0":"post-887","1":"product","2":"type-product","3":"status-publish","4":"has-post-thumbnail","6":"product_cat-chocolatinas","7":"product_cat-merienda","8":"product_cat-vegano","10":"first","11":"instock","12":"taxable","13":"shipping-taxable","14":"purchasable","15":"product-type-simple"},"yoast_head":"<!-- This site is optimized with the Yoast SEO plugin v27.4 - https:\/\/yoast.com\/product\/yoast-seo-wordpress\/ -->\n<title>Trufas de Calabaza - Antojosfit<\/title>\n<meta name=\"description\" content=\"Trufas de calabaza saludables: sin lactosa, sin cereal y endulzadas naturalmente. Bocaditos veganos, nutritivos y llenos de sabor para cualquier momento.\" \/>\n<meta name=\"robots\" content=\"index, follow, max-snippet:-1, max-image-preview:large, max-video-preview:-1\" \/>\n<link rel=\"canonical\" href=\"https:\/\/antojosfit.es\/es\/producto\/trufas-de-calabaza\/\" \/>\n<meta property=\"og:locale\" content=\"es_ES\" \/>\n<meta property=\"og:type\" content=\"article\" \/>\n<meta property=\"og:title\" content=\"Trufas de Calabaza - Antojosfit\" \/>\n<meta property=\"og:description\" content=\"Trufas de calabaza saludables: sin lactosa, sin cereal y endulzadas naturalmente. Bocaditos veganos, nutritivos y llenos de sabor para cualquier momento.\" \/>\n<meta property=\"og:url\" content=\"https:\/\/antojosfit.es\/es\/producto\/trufas-de-calabaza\/\" \/>\n<meta property=\"og:site_name\" content=\"Antojosfit\" \/>\n<meta property=\"article:publisher\" content=\"https:\/\/www.facebook.com\/antojosfit.es\" \/>\n<meta property=\"article:modified_time\" content=\"2025-08-27T08:49:51+00:00\" \/>\n<meta property=\"og:image\" content=\"https:\/\/antojosfit.es\/wp-content\/uploads\/2024\/11\/DSCF0297-Photoroom.jpg\" \/>\n\t<meta property=\"og:image:width\" content=\"1080\" \/>\n\t<meta property=\"og:image:height\" content=\"1350\" \/>\n\t<meta property=\"og:image:type\" content=\"image\/jpeg\" \/>\n<meta name=\"twitter:card\" content=\"summary_large_image\" \/>\n<meta name=\"twitter:label1\" content=\"Tiempo de lectura\" \/>\n\t<meta name=\"twitter:data1\" content=\"1 minuto\" \/>\n<script type=\"application\/ld+json\" class=\"yoast-schema-graph\">{\"@context\":\"https:\\\/\\\/schema.org\",\"@graph\":[{\"@type\":\"WebPage\",\"@id\":\"https:\\\/\\\/antojosfit.es\\\/producto\\\/trufas-de-calabaza\\\/\",\"url\":\"https:\\\/\\\/antojosfit.es\\\/producto\\\/trufas-de-calabaza\\\/\",\"name\":\"Trufas de Calabaza - Antojosfit\",\"isPartOf\":{\"@id\":\"https:\\\/\\\/antojosfit.es\\\/#website\"},\"primaryImageOfPage\":{\"@id\":\"https:\\\/\\\/antojosfit.es\\\/producto\\\/trufas-de-calabaza\\\/#primaryimage\"},\"image\":{\"@id\":\"https:\\\/\\\/antojosfit.es\\\/producto\\\/trufas-de-calabaza\\\/#primaryimage\"},\"thumbnailUrl\":\"https:\\\/\\\/antojosfit.es\\\/wp-content\\\/uploads\\\/2024\\\/11\\\/DSCF0297-Photoroom.jpg\",\"datePublished\":\"2024-11-06T17:32:24+00:00\",\"dateModified\":\"2025-08-27T08:49:51+00:00\",\"description\":\"Trufas de calabaza saludables: sin lactosa, sin cereal y endulzadas naturalmente. Bocaditos veganos, nutritivos y llenos de sabor para cualquier momento.\",\"breadcrumb\":{\"@id\":\"https:\\\/\\\/antojosfit.es\\\/producto\\\/trufas-de-calabaza\\\/#breadcrumb\"},\"inLanguage\":\"es\",\"potentialAction\":[{\"@type\":\"ReadAction\",\"target\":[\"https:\\\/\\\/antojosfit.es\\\/producto\\\/trufas-de-calabaza\\\/\"]}]},{\"@type\":\"ImageObject\",\"inLanguage\":\"es\",\"@id\":\"https:\\\/\\\/antojosfit.es\\\/producto\\\/trufas-de-calabaza\\\/#primaryimage\",\"url\":\"https:\\\/\\\/antojosfit.es\\\/wp-content\\\/uploads\\\/2024\\\/11\\\/DSCF0297-Photoroom.jpg\",\"contentUrl\":\"https:\\\/\\\/antojosfit.es\\\/wp-content\\\/uploads\\\/2024\\\/11\\\/DSCF0297-Photoroom.jpg\",\"width\":1080,\"height\":1350},{\"@type\":\"BreadcrumbList\",\"@id\":\"https:\\\/\\\/antojosfit.es\\\/producto\\\/trufas-de-calabaza\\\/#breadcrumb\",\"itemListElement\":[{\"@type\":\"ListItem\",\"position\":1,\"name\":\"Portada\",\"item\":\"https:\\\/\\\/antojosfit.es\\\/\"},{\"@type\":\"ListItem\",\"position\":2,\"name\":\"Products\",\"item\":\"https:\\\/\\\/antojosfit.es\\\/shop\\\/\"},{\"@type\":\"ListItem\",\"position\":3,\"name\":\"Trufas de Calabaza\"}]},{\"@type\":\"WebSite\",\"@id\":\"https:\\\/\\\/antojosfit.es\\\/#website\",\"url\":\"https:\\\/\\\/antojosfit.es\\\/\",\"name\":\"Antojosfit\",\"description\":\"Pasteler\u00eda y reposter\u00eda saludable en Madrid\",\"publisher\":{\"@id\":\"https:\\\/\\\/antojosfit.es\\\/#organization\"},\"alternateName\":\"Antojosfit\",\"potentialAction\":[{\"@type\":\"SearchAction\",\"target\":{\"@type\":\"EntryPoint\",\"urlTemplate\":\"https:\\\/\\\/antojosfit.es\\\/?s={search_term_string}\"},\"query-input\":{\"@type\":\"PropertyValueSpecification\",\"valueRequired\":true,\"valueName\":\"search_term_string\"}}],\"inLanguage\":\"es\"},{\"@type\":\"Organization\",\"@id\":\"https:\\\/\\\/antojosfit.es\\\/#organization\",\"name\":\"Antojosfit\",\"alternateName\":\"Antojosfit\",\"url\":\"https:\\\/\\\/antojosfit.es\\\/\",\"logo\":{\"@type\":\"ImageObject\",\"inLanguage\":\"es\",\"@id\":\"https:\\\/\\\/antojosfit.es\\\/#\\\/schema\\\/logo\\\/image\\\/\",\"url\":\"https:\\\/\\\/antojosfit.es\\\/wp-content\\\/uploads\\\/2024\\\/11\\\/image_resized_512x512.png\",\"contentUrl\":\"https:\\\/\\\/antojosfit.es\\\/wp-content\\\/uploads\\\/2024\\\/11\\\/image_resized_512x512.png\",\"width\":512,\"height\":512,\"caption\":\"Antojosfit\"},\"image\":{\"@id\":\"https:\\\/\\\/antojosfit.es\\\/#\\\/schema\\\/logo\\\/image\\\/\"},\"sameAs\":[\"https:\\\/\\\/www.facebook.com\\\/antojosfit.es\"]}]}<\/script>\n<!-- \/ Yoast SEO plugin. -->","yoast_head_json":{"title":"Trufas de Calabaza - Antojosfit","description":"Trufas de calabaza saludables: sin lactosa, sin cereal y endulzadas naturalmente. Bocaditos veganos, nutritivos y llenos de sabor para cualquier momento.","robots":{"index":"index","follow":"follow","max-snippet":"max-snippet:-1","max-image-preview":"max-image-preview:large","max-video-preview":"max-video-preview:-1"},"canonical":"https:\/\/antojosfit.es\/es\/producto\/trufas-de-calabaza\/","og_locale":"es_ES","og_type":"article","og_title":"Trufas de Calabaza - Antojosfit","og_description":"Trufas de calabaza saludables: sin lactosa, sin cereal y endulzadas naturalmente. Bocaditos veganos, nutritivos y llenos de sabor para cualquier momento.","og_url":"https:\/\/antojosfit.es\/es\/producto\/trufas-de-calabaza\/","og_site_name":"Antojosfit","article_publisher":"https:\/\/www.facebook.com\/antojosfit.es","article_modified_time":"2025-08-27T08:49:51+00:00","og_image":[{"width":1080,"height":1350,"url":"https:\/\/antojosfit.es\/wp-content\/uploads\/2024\/11\/DSCF0297-Photoroom.jpg","type":"image\/jpeg"}],"twitter_card":"summary_large_image","twitter_misc":{"Tiempo de lectura":"1 minuto"},"schema":{"@context":"https:\/\/schema.org","@graph":[{"@type":"WebPage","@id":"https:\/\/antojosfit.es\/producto\/trufas-de-calabaza\/","url":"https:\/\/antojosfit.es\/producto\/trufas-de-calabaza\/","name":"Trufas de Calabaza - Antojosfit","isPartOf":{"@id":"https:\/\/antojosfit.es\/#website"},"primaryImageOfPage":{"@id":"https:\/\/antojosfit.es\/producto\/trufas-de-calabaza\/#primaryimage"},"image":{"@id":"https:\/\/antojosfit.es\/producto\/trufas-de-calabaza\/#primaryimage"},"thumbnailUrl":"https:\/\/antojosfit.es\/wp-content\/uploads\/2024\/11\/DSCF0297-Photoroom.jpg","datePublished":"2024-11-06T17:32:24+00:00","dateModified":"2025-08-27T08:49:51+00:00","description":"Trufas de calabaza saludables: sin lactosa, sin cereal y endulzadas naturalmente. Bocaditos veganos, nutritivos y llenos de sabor para cualquier momento.","breadcrumb":{"@id":"https:\/\/antojosfit.es\/producto\/trufas-de-calabaza\/#breadcrumb"},"inLanguage":"es","potentialAction":[{"@type":"ReadAction","target":["https:\/\/antojosfit.es\/producto\/trufas-de-calabaza\/"]}]},{"@type":"ImageObject","inLanguage":"es","@id":"https:\/\/antojosfit.es\/producto\/trufas-de-calabaza\/#primaryimage","url":"https:\/\/antojosfit.es\/wp-content\/uploads\/2024\/11\/DSCF0297-Photoroom.jpg","contentUrl":"https:\/\/antojosfit.es\/wp-content\/uploads\/2024\/11\/DSCF0297-Photoroom.jpg","width":1080,"height":1350},{"@type":"BreadcrumbList","@id":"https:\/\/antojosfit.es\/producto\/trufas-de-calabaza\/#breadcrumb","itemListElement":[{"@type":"ListItem","position":1,"name":"Portada","item":"https:\/\/antojosfit.es\/"},{"@type":"ListItem","position":2,"name":"Products","item":"https:\/\/antojosfit.es\/shop\/"},{"@type":"ListItem","position":3,"name":"Trufas de Calabaza"}]},{"@type":"WebSite","@id":"https:\/\/antojosfit.es\/#website","url":"https:\/\/antojosfit.es\/","name":"Antojosfit","description":"Pasteler\u00eda y reposter\u00eda saludable en Madrid","publisher":{"@id":"https:\/\/antojosfit.es\/#organization"},"alternateName":"Antojosfit","potentialAction":[{"@type":"SearchAction","target":{"@type":"EntryPoint","urlTemplate":"https:\/\/antojosfit.es\/?s={search_term_string}"},"query-input":{"@type":"PropertyValueSpecification","valueRequired":true,"valueName":"search_term_string"}}],"inLanguage":"es"},{"@type":"Organization","@id":"https:\/\/antojosfit.es\/#organization","name":"Antojosfit","alternateName":"Antojosfit","url":"https:\/\/antojosfit.es\/","logo":{"@type":"ImageObject","inLanguage":"es","@id":"https:\/\/antojosfit.es\/#\/schema\/logo\/image\/","url":"https:\/\/antojosfit.es\/wp-content\/uploads\/2024\/11\/image_resized_512x512.png","contentUrl":"https:\/\/antojosfit.es\/wp-content\/uploads\/2024\/11\/image_resized_512x512.png","width":512,"height":512,"caption":"Antojosfit"},"image":{"@id":"https:\/\/antojosfit.es\/#\/schema\/logo\/image\/"},"sameAs":["https:\/\/www.facebook.com\/antojosfit.es"]}]}},"jetpack_sharing_enabled":true,"_links":{"self":[{"href":"https:\/\/antojosfit.es\/es\/wp-json\/wp\/v2\/product\/887","targetHints":{"allow":["GET"]}}],"collection":[{"href":"https:\/\/antojosfit.es\/es\/wp-json\/wp\/v2\/product"}],"about":[{"href":"https:\/\/antojosfit.es\/es\/wp-json\/wp\/v2\/types\/product"}],"replies":[{"embeddable":true,"href":"https:\/\/antojosfit.es\/es\/wp-json\/wp\/v2\/comments?post=887"}],"version-history":[{"count":4,"href":"https:\/\/antojosfit.es\/es\/wp-json\/wp\/v2\/product\/887\/revisions"}],"predecessor-version":[{"id":1329,"href":"https:\/\/antojosfit.es\/es\/wp-json\/wp\/v2\/product\/887\/revisions\/1329"}],"wp:featuredmedia":[{"embeddable":true,"href":"https:\/\/antojosfit.es\/es\/wp-json\/wp\/v2\/media\/1633"}],"wp:attachment":[{"href":"https:\/\/antojosfit.es\/es\/wp-json\/wp\/v2\/media?parent=887"}],"wp:term":[{"taxonomy":"product_brand","embeddable":true,"href":"https:\/\/antojosfit.es\/es\/wp-json\/wp\/v2\/product_brand?post=887"},{"taxonomy":"product_cat","embeddable":true,"href":"https:\/\/antojosfit.es\/es\/wp-json\/wp\/v2\/product_cat?post=887"},{"taxonomy":"product_tag","embeddable":true,"href":"https:\/\/antojosfit.es\/es\/wp-json\/wp\/v2\/product_tag?post=887"}],"curies":[{"name":"wp","href":"https:\/\/api.w.org\/{rel}","templated":true}]}}