{"id":881,"date":"2024-11-06T18:32:22","date_gmt":"2024-11-06T17:32:22","guid":{"rendered":"https:\/\/antojosfit.es\/?post_type=product&#038;p=881"},"modified":"2025-08-06T17:51:51","modified_gmt":"2025-08-06T15:51:51","slug":"carrot-cake-cheesecake","status":"publish","type":"product","link":"https:\/\/antojosfit.es\/es\/producto\/carrot-cake-cheesecake\/","title":{"rendered":"Carrot Cake Cheesecake"},"content":{"rendered":"<p>Descubre nuestro Carrot Cake Cheesecake, una fusi\u00f3n deliciosa que une el sabor cl\u00e1sico del pastel de zanahoria con la cremosidad del cheesecake. Hecho con ingredientes frescos, como zanahorias ralladas, especias c\u00e1lidas y endulzado naturalmente, este postre ofrece una experiencia \u00fanica en cada bocado. La textura esponjosa del pastel de zanahoria se complementa con la suavidad del cheesecake, logrando un balance de sabores ideal para quienes buscan un antojo dulce y saludable. Decorado con una capa ligera de crema y un toque de canela, es el postre ideal para disfrutar mientras cuidas de ti.<\/p>","protected":false},"excerpt":{"rendered":"<p>Este Carrot Cake Cheesecake es la combinaci\u00f3n perfecta de un pastel de zanahoria h\u00famedo y especiado con la suavidad de la tarta de queso, endulzado naturalmente y lleno de sabor, para un capricho mientras cuidas de ti.<\/p>\n<p>Puede contener trazas de cacahuete, soja y\u00a0s\u00e9samo.<\/p>","protected":false},"featured_media":1659,"comment_status":"closed","ping_status":"closed","template":"","meta":{"_joinchat":[]},"product_brand":[],"product_cat":[75,77,68,74],"product_tag":[],"class_list":{"0":"post-881","1":"product","2":"type-product","3":"status-publish","4":"has-post-thumbnail","6":"product_cat-cheesecakes","7":"product_cat-merienda","8":"product_cat-sin-lactosa","9":"product_cat-tartas","11":"first","12":"instock","13":"taxable","14":"shipping-taxable","15":"purchasable","16":"product-type-variable","17":"has-default-attributes"},"yoast_head":"<!-- This site is optimized with the Yoast SEO plugin v27.3 - https:\/\/yoast.com\/product\/yoast-seo-wordpress\/ -->\n<title>Carrot Cake Cheesecake - Antojosfit<\/title>\n<meta name=\"description\" content=\"Carrot Cake Cheesecake saludable: sin lactosa, sin cereal y alto en prote\u00edna. Fusi\u00f3n perfecta entre sabor casero y nutrici\u00f3n consciente.\" \/>\n<meta name=\"robots\" content=\"index, follow, max-snippet:-1, max-image-preview:large, max-video-preview:-1\" \/>\n<link rel=\"canonical\" href=\"https:\/\/antojosfit.es\/es\/producto\/carrot-cake-cheesecake\/\" \/>\n<meta property=\"og:locale\" content=\"es_ES\" \/>\n<meta property=\"og:type\" content=\"article\" \/>\n<meta property=\"og:title\" content=\"Carrot Cake Cheesecake - Antojosfit\" \/>\n<meta property=\"og:description\" content=\"Carrot Cake Cheesecake saludable: sin lactosa, sin cereal y alto en prote\u00edna. Fusi\u00f3n perfecta entre sabor casero y nutrici\u00f3n consciente.\" \/>\n<meta property=\"og:url\" content=\"https:\/\/antojosfit.es\/es\/producto\/carrot-cake-cheesecake\/\" \/>\n<meta property=\"og:site_name\" content=\"Antojosfit\" \/>\n<meta property=\"article:publisher\" content=\"https:\/\/www.facebook.com\/antojosfit.es\" \/>\n<meta property=\"article:modified_time\" content=\"2025-08-06T15:51:51+00:00\" \/>\n<meta property=\"og:image\" content=\"https:\/\/antojosfit.es\/wp-content\/uploads\/2024\/11\/DSCF0422-Photoroom.jpg\" \/>\n\t<meta property=\"og:image:width\" content=\"1080\" \/>\n\t<meta property=\"og:image:height\" content=\"1350\" \/>\n\t<meta property=\"og:image:type\" content=\"image\/jpeg\" \/>\n<meta name=\"twitter:card\" content=\"summary_large_image\" \/>\n<meta name=\"twitter:label1\" content=\"Tiempo de lectura\" \/>\n\t<meta name=\"twitter:data1\" content=\"1 minuto\" \/>\n<script type=\"application\/ld+json\" class=\"yoast-schema-graph\">{\"@context\":\"https:\\\/\\\/schema.org\",\"@graph\":[{\"@type\":\"WebPage\",\"@id\":\"https:\\\/\\\/antojosfit.es\\\/producto\\\/carrot-cake-cheesecake\\\/\",\"url\":\"https:\\\/\\\/antojosfit.es\\\/producto\\\/carrot-cake-cheesecake\\\/\",\"name\":\"Carrot Cake Cheesecake - Antojosfit\",\"isPartOf\":{\"@id\":\"https:\\\/\\\/antojosfit.es\\\/#website\"},\"primaryImageOfPage\":{\"@id\":\"https:\\\/\\\/antojosfit.es\\\/producto\\\/carrot-cake-cheesecake\\\/#primaryimage\"},\"image\":{\"@id\":\"https:\\\/\\\/antojosfit.es\\\/producto\\\/carrot-cake-cheesecake\\\/#primaryimage\"},\"thumbnailUrl\":\"https:\\\/\\\/antojosfit.es\\\/wp-content\\\/uploads\\\/2024\\\/11\\\/DSCF0422-Photoroom.jpg\",\"datePublished\":\"2024-11-06T17:32:22+00:00\",\"dateModified\":\"2025-08-06T15:51:51+00:00\",\"description\":\"Carrot Cake Cheesecake saludable: sin lactosa, sin cereal y alto en prote\u00edna. Fusi\u00f3n perfecta entre sabor casero y nutrici\u00f3n consciente.\",\"breadcrumb\":{\"@id\":\"https:\\\/\\\/antojosfit.es\\\/producto\\\/carrot-cake-cheesecake\\\/#breadcrumb\"},\"inLanguage\":\"es\",\"potentialAction\":[{\"@type\":\"ReadAction\",\"target\":[\"https:\\\/\\\/antojosfit.es\\\/producto\\\/carrot-cake-cheesecake\\\/\"]}]},{\"@type\":\"ImageObject\",\"inLanguage\":\"es\",\"@id\":\"https:\\\/\\\/antojosfit.es\\\/producto\\\/carrot-cake-cheesecake\\\/#primaryimage\",\"url\":\"https:\\\/\\\/antojosfit.es\\\/wp-content\\\/uploads\\\/2024\\\/11\\\/DSCF0422-Photoroom.jpg\",\"contentUrl\":\"https:\\\/\\\/antojosfit.es\\\/wp-content\\\/uploads\\\/2024\\\/11\\\/DSCF0422-Photoroom.jpg\",\"width\":1080,\"height\":1350},{\"@type\":\"BreadcrumbList\",\"@id\":\"https:\\\/\\\/antojosfit.es\\\/producto\\\/carrot-cake-cheesecake\\\/#breadcrumb\",\"itemListElement\":[{\"@type\":\"ListItem\",\"position\":1,\"name\":\"Portada\",\"item\":\"https:\\\/\\\/antojosfit.es\\\/\"},{\"@type\":\"ListItem\",\"position\":2,\"name\":\"Products\",\"item\":\"https:\\\/\\\/antojosfit.es\\\/shop\\\/\"},{\"@type\":\"ListItem\",\"position\":3,\"name\":\"Carrot Cake Cheesecake\"}]},{\"@type\":\"WebSite\",\"@id\":\"https:\\\/\\\/antojosfit.es\\\/#website\",\"url\":\"https:\\\/\\\/antojosfit.es\\\/\",\"name\":\"Antojosfit\",\"description\":\"Pasteler\u00eda y reposter\u00eda saludable en Madrid\",\"publisher\":{\"@id\":\"https:\\\/\\\/antojosfit.es\\\/#organization\"},\"alternateName\":\"Antojosfit\",\"potentialAction\":[{\"@type\":\"SearchAction\",\"target\":{\"@type\":\"EntryPoint\",\"urlTemplate\":\"https:\\\/\\\/antojosfit.es\\\/?s={search_term_string}\"},\"query-input\":{\"@type\":\"PropertyValueSpecification\",\"valueRequired\":true,\"valueName\":\"search_term_string\"}}],\"inLanguage\":\"es\"},{\"@type\":\"Organization\",\"@id\":\"https:\\\/\\\/antojosfit.es\\\/#organization\",\"name\":\"Antojosfit\",\"alternateName\":\"Antojosfit\",\"url\":\"https:\\\/\\\/antojosfit.es\\\/\",\"logo\":{\"@type\":\"ImageObject\",\"inLanguage\":\"es\",\"@id\":\"https:\\\/\\\/antojosfit.es\\\/#\\\/schema\\\/logo\\\/image\\\/\",\"url\":\"https:\\\/\\\/antojosfit.es\\\/wp-content\\\/uploads\\\/2024\\\/11\\\/image_resized_512x512.png\",\"contentUrl\":\"https:\\\/\\\/antojosfit.es\\\/wp-content\\\/uploads\\\/2024\\\/11\\\/image_resized_512x512.png\",\"width\":512,\"height\":512,\"caption\":\"Antojosfit\"},\"image\":{\"@id\":\"https:\\\/\\\/antojosfit.es\\\/#\\\/schema\\\/logo\\\/image\\\/\"},\"sameAs\":[\"https:\\\/\\\/www.facebook.com\\\/antojosfit.es\"]}]}<\/script>\n<!-- \/ Yoast SEO plugin. -->","yoast_head_json":{"title":"Carrot Cake Cheesecake - Antojosfit","description":"Carrot Cake Cheesecake saludable: sin lactosa, sin cereal y alto en prote\u00edna. Fusi\u00f3n perfecta entre sabor casero y nutrici\u00f3n consciente.","robots":{"index":"index","follow":"follow","max-snippet":"max-snippet:-1","max-image-preview":"max-image-preview:large","max-video-preview":"max-video-preview:-1"},"canonical":"https:\/\/antojosfit.es\/es\/producto\/carrot-cake-cheesecake\/","og_locale":"es_ES","og_type":"article","og_title":"Carrot Cake Cheesecake - Antojosfit","og_description":"Carrot Cake Cheesecake saludable: sin lactosa, sin cereal y alto en prote\u00edna. Fusi\u00f3n perfecta entre sabor casero y nutrici\u00f3n consciente.","og_url":"https:\/\/antojosfit.es\/es\/producto\/carrot-cake-cheesecake\/","og_site_name":"Antojosfit","article_publisher":"https:\/\/www.facebook.com\/antojosfit.es","article_modified_time":"2025-08-06T15:51:51+00:00","og_image":[{"width":1080,"height":1350,"url":"https:\/\/antojosfit.es\/wp-content\/uploads\/2024\/11\/DSCF0422-Photoroom.jpg","type":"image\/jpeg"}],"twitter_card":"summary_large_image","twitter_misc":{"Tiempo de lectura":"1 minuto"},"schema":{"@context":"https:\/\/schema.org","@graph":[{"@type":"WebPage","@id":"https:\/\/antojosfit.es\/producto\/carrot-cake-cheesecake\/","url":"https:\/\/antojosfit.es\/producto\/carrot-cake-cheesecake\/","name":"Carrot Cake Cheesecake - Antojosfit","isPartOf":{"@id":"https:\/\/antojosfit.es\/#website"},"primaryImageOfPage":{"@id":"https:\/\/antojosfit.es\/producto\/carrot-cake-cheesecake\/#primaryimage"},"image":{"@id":"https:\/\/antojosfit.es\/producto\/carrot-cake-cheesecake\/#primaryimage"},"thumbnailUrl":"https:\/\/antojosfit.es\/wp-content\/uploads\/2024\/11\/DSCF0422-Photoroom.jpg","datePublished":"2024-11-06T17:32:22+00:00","dateModified":"2025-08-06T15:51:51+00:00","description":"Carrot Cake Cheesecake saludable: sin lactosa, sin cereal y alto en prote\u00edna. Fusi\u00f3n perfecta entre sabor casero y nutrici\u00f3n consciente.","breadcrumb":{"@id":"https:\/\/antojosfit.es\/producto\/carrot-cake-cheesecake\/#breadcrumb"},"inLanguage":"es","potentialAction":[{"@type":"ReadAction","target":["https:\/\/antojosfit.es\/producto\/carrot-cake-cheesecake\/"]}]},{"@type":"ImageObject","inLanguage":"es","@id":"https:\/\/antojosfit.es\/producto\/carrot-cake-cheesecake\/#primaryimage","url":"https:\/\/antojosfit.es\/wp-content\/uploads\/2024\/11\/DSCF0422-Photoroom.jpg","contentUrl":"https:\/\/antojosfit.es\/wp-content\/uploads\/2024\/11\/DSCF0422-Photoroom.jpg","width":1080,"height":1350},{"@type":"BreadcrumbList","@id":"https:\/\/antojosfit.es\/producto\/carrot-cake-cheesecake\/#breadcrumb","itemListElement":[{"@type":"ListItem","position":1,"name":"Portada","item":"https:\/\/antojosfit.es\/"},{"@type":"ListItem","position":2,"name":"Products","item":"https:\/\/antojosfit.es\/shop\/"},{"@type":"ListItem","position":3,"name":"Carrot Cake Cheesecake"}]},{"@type":"WebSite","@id":"https:\/\/antojosfit.es\/#website","url":"https:\/\/antojosfit.es\/","name":"Antojosfit","description":"Pasteler\u00eda y reposter\u00eda saludable en Madrid","publisher":{"@id":"https:\/\/antojosfit.es\/#organization"},"alternateName":"Antojosfit","potentialAction":[{"@type":"SearchAction","target":{"@type":"EntryPoint","urlTemplate":"https:\/\/antojosfit.es\/?s={search_term_string}"},"query-input":{"@type":"PropertyValueSpecification","valueRequired":true,"valueName":"search_term_string"}}],"inLanguage":"es"},{"@type":"Organization","@id":"https:\/\/antojosfit.es\/#organization","name":"Antojosfit","alternateName":"Antojosfit","url":"https:\/\/antojosfit.es\/","logo":{"@type":"ImageObject","inLanguage":"es","@id":"https:\/\/antojosfit.es\/#\/schema\/logo\/image\/","url":"https:\/\/antojosfit.es\/wp-content\/uploads\/2024\/11\/image_resized_512x512.png","contentUrl":"https:\/\/antojosfit.es\/wp-content\/uploads\/2024\/11\/image_resized_512x512.png","width":512,"height":512,"caption":"Antojosfit"},"image":{"@id":"https:\/\/antojosfit.es\/#\/schema\/logo\/image\/"},"sameAs":["https:\/\/www.facebook.com\/antojosfit.es"]}]}},"jetpack_sharing_enabled":true,"_links":{"self":[{"href":"https:\/\/antojosfit.es\/es\/wp-json\/wp\/v2\/product\/881","targetHints":{"allow":["GET"]}}],"collection":[{"href":"https:\/\/antojosfit.es\/es\/wp-json\/wp\/v2\/product"}],"about":[{"href":"https:\/\/antojosfit.es\/es\/wp-json\/wp\/v2\/types\/product"}],"replies":[{"embeddable":true,"href":"https:\/\/antojosfit.es\/es\/wp-json\/wp\/v2\/comments?post=881"}],"version-history":[{"count":3,"href":"https:\/\/antojosfit.es\/es\/wp-json\/wp\/v2\/product\/881\/revisions"}],"predecessor-version":[{"id":1343,"href":"https:\/\/antojosfit.es\/es\/wp-json\/wp\/v2\/product\/881\/revisions\/1343"}],"wp:featuredmedia":[{"embeddable":true,"href":"https:\/\/antojosfit.es\/es\/wp-json\/wp\/v2\/media\/1659"}],"wp:attachment":[{"href":"https:\/\/antojosfit.es\/es\/wp-json\/wp\/v2\/media?parent=881"}],"wp:term":[{"taxonomy":"product_brand","embeddable":true,"href":"https:\/\/antojosfit.es\/es\/wp-json\/wp\/v2\/product_brand?post=881"},{"taxonomy":"product_cat","embeddable":true,"href":"https:\/\/antojosfit.es\/es\/wp-json\/wp\/v2\/product_cat?post=881"},{"taxonomy":"product_tag","embeddable":true,"href":"https:\/\/antojosfit.es\/es\/wp-json\/wp\/v2\/product_tag?post=881"}],"curies":[{"name":"wp","href":"https:\/\/api.w.org\/{rel}","templated":true}]}}