{"id":873,"date":"2024-11-06T18:32:20","date_gmt":"2024-11-06T17:32:20","guid":{"rendered":"https:\/\/antojosfit.es\/?post_type=product&#038;p=873"},"modified":"2025-07-21T19:03:31","modified_gmt":"2025-07-21T17:03:31","slug":"pumpkin-bread","status":"publish","type":"product","link":"https:\/\/antojosfit.es\/es\/producto\/pumpkin-bread\/","title":{"rendered":"Pumpkin Bread"},"content":{"rendered":"<p>Sum\u00e9rgete en el sabor y la calidez de nuestro Pumpkin Bread, la elecci\u00f3n perfecta para quienes buscan una opci\u00f3n nutritiva sin sacrificar el gusto. Elaborado con harina de espelta integral, este bizcocho no solo es delicioso, sino tambi\u00e9n una fuente de fibra y nutrientes, superando en calidad a los bizcocho convencionales. Su textura suave y h\u00fameda se debe al pur\u00e9 de calabaza natural, que le aporta un toque dulce y especiado \u00fanico. Las chispas de chocolate negro le dan el equilibrio perfecto, a\u00f1adiendo un contraste de sabor intenso y agradable. Endulzado con eritritol, es ideal para aquellos que desean reducir el consumo de az\u00facar sin perder el placer de un buen postre. Disfr\u00fatalo con tu caf\u00e9, como un snack saludable, o en cualquier momento en el que quieras darte un antojo sin culpas.<\/p>","protected":false},"excerpt":{"rendered":"<p>Nuestro Pumpkin Bread es un bizcocho saludable y delicioso, hecho con harina de espelta integral, pur\u00e9 de calabaza natural y chispas de chocolate negro. Endulzado con eritritol, ofrece todo el sabor de un dulce de temporada, sin az\u00facar a\u00f1adido.<\/p>\n<p>Puede contener trazas de cacahuete y frutos-c\u00e1scara.<\/p>","protected":false},"featured_media":940,"comment_status":"closed","ping_status":"closed","template":"","meta":{"_joinchat":[]},"product_brand":[],"product_cat":[73,77,68],"product_tag":[],"class_list":{"0":"post-873","1":"product","2":"type-product","3":"status-publish","4":"has-post-thumbnail","6":"product_cat-bizcochos","7":"product_cat-merienda","8":"product_cat-sin-lactosa","10":"first","11":"outofstock","12":"taxable","13":"shipping-taxable","14":"product-type-simple"},"yoast_head":"<!-- This site is optimized with the Yoast SEO plugin v27.5 - https:\/\/yoast.com\/product\/yoast-seo-wordpress\/ -->\n<title>Pumpkin Bread - Antojosfit<\/title>\n<meta name=\"description\" content=\"Pumpkin Bread saludable: sin lactosa, sin cereal y vegano. Bizcocho suave y especiado, ideal para acompa\u00f1ar tus momentos con sabor y nutrici\u00f3n.\" \/>\n<meta name=\"robots\" content=\"index, follow, max-snippet:-1, max-image-preview:large, max-video-preview:-1\" \/>\n<link rel=\"canonical\" href=\"https:\/\/antojosfit.es\/es\/producto\/pumpkin-bread\/\" \/>\n<meta property=\"og:locale\" content=\"es_ES\" \/>\n<meta property=\"og:type\" content=\"article\" \/>\n<meta property=\"og:title\" content=\"Pumpkin Bread - Antojosfit\" \/>\n<meta property=\"og:description\" content=\"Pumpkin Bread saludable: sin lactosa, sin cereal y vegano. Bizcocho suave y especiado, ideal para acompa\u00f1ar tus momentos con sabor y nutrici\u00f3n.\" \/>\n<meta property=\"og:url\" content=\"https:\/\/antojosfit.es\/es\/producto\/pumpkin-bread\/\" \/>\n<meta property=\"og:site_name\" content=\"Antojosfit\" \/>\n<meta property=\"article:publisher\" content=\"https:\/\/www.facebook.com\/antojosfit.es\" \/>\n<meta property=\"article:modified_time\" content=\"2025-07-21T17:03:31+00:00\" \/>\n<meta property=\"og:image\" content=\"https:\/\/antojosfit.es\/wp-content\/uploads\/2024\/11\/extras-para-general-web-5.jpg\" \/>\n\t<meta property=\"og:image:width\" content=\"800\" \/>\n\t<meta property=\"og:image:height\" content=\"800\" \/>\n\t<meta property=\"og:image:type\" content=\"image\/jpeg\" \/>\n<meta name=\"twitter:card\" content=\"summary_large_image\" \/>\n<meta name=\"twitter:label1\" content=\"Tiempo de lectura\" \/>\n\t<meta name=\"twitter:data1\" content=\"1 minuto\" \/>\n<script type=\"application\/ld+json\" class=\"yoast-schema-graph\">{\"@context\":\"https:\\\/\\\/schema.org\",\"@graph\":[{\"@type\":\"WebPage\",\"@id\":\"https:\\\/\\\/antojosfit.es\\\/producto\\\/pumpkin-bread\\\/\",\"url\":\"https:\\\/\\\/antojosfit.es\\\/producto\\\/pumpkin-bread\\\/\",\"name\":\"Pumpkin Bread - Antojosfit\",\"isPartOf\":{\"@id\":\"https:\\\/\\\/antojosfit.es\\\/#website\"},\"primaryImageOfPage\":{\"@id\":\"https:\\\/\\\/antojosfit.es\\\/producto\\\/pumpkin-bread\\\/#primaryimage\"},\"image\":{\"@id\":\"https:\\\/\\\/antojosfit.es\\\/producto\\\/pumpkin-bread\\\/#primaryimage\"},\"thumbnailUrl\":\"https:\\\/\\\/antojosfit.es\\\/wp-content\\\/uploads\\\/2024\\\/11\\\/extras-para-general-web-5.jpg\",\"datePublished\":\"2024-11-06T17:32:20+00:00\",\"dateModified\":\"2025-07-21T17:03:31+00:00\",\"description\":\"Pumpkin Bread saludable: sin lactosa, sin cereal y vegano. Bizcocho suave y especiado, ideal para acompa\u00f1ar tus momentos con sabor y nutrici\u00f3n.\",\"breadcrumb\":{\"@id\":\"https:\\\/\\\/antojosfit.es\\\/producto\\\/pumpkin-bread\\\/#breadcrumb\"},\"inLanguage\":\"es\",\"potentialAction\":[{\"@type\":\"ReadAction\",\"target\":[\"https:\\\/\\\/antojosfit.es\\\/producto\\\/pumpkin-bread\\\/\"]}]},{\"@type\":\"ImageObject\",\"inLanguage\":\"es\",\"@id\":\"https:\\\/\\\/antojosfit.es\\\/producto\\\/pumpkin-bread\\\/#primaryimage\",\"url\":\"https:\\\/\\\/antojosfit.es\\\/wp-content\\\/uploads\\\/2024\\\/11\\\/extras-para-general-web-5.jpg\",\"contentUrl\":\"https:\\\/\\\/antojosfit.es\\\/wp-content\\\/uploads\\\/2024\\\/11\\\/extras-para-general-web-5.jpg\",\"width\":800,\"height\":800},{\"@type\":\"BreadcrumbList\",\"@id\":\"https:\\\/\\\/antojosfit.es\\\/producto\\\/pumpkin-bread\\\/#breadcrumb\",\"itemListElement\":[{\"@type\":\"ListItem\",\"position\":1,\"name\":\"Portada\",\"item\":\"https:\\\/\\\/antojosfit.es\\\/\"},{\"@type\":\"ListItem\",\"position\":2,\"name\":\"Products\",\"item\":\"https:\\\/\\\/antojosfit.es\\\/shop\\\/\"},{\"@type\":\"ListItem\",\"position\":3,\"name\":\"Pumpkin Bread\"}]},{\"@type\":\"WebSite\",\"@id\":\"https:\\\/\\\/antojosfit.es\\\/#website\",\"url\":\"https:\\\/\\\/antojosfit.es\\\/\",\"name\":\"Antojosfit\",\"description\":\"Pasteler\u00eda y reposter\u00eda saludable en Madrid\",\"publisher\":{\"@id\":\"https:\\\/\\\/antojosfit.es\\\/#organization\"},\"alternateName\":\"Antojosfit\",\"potentialAction\":[{\"@type\":\"SearchAction\",\"target\":{\"@type\":\"EntryPoint\",\"urlTemplate\":\"https:\\\/\\\/antojosfit.es\\\/?s={search_term_string}\"},\"query-input\":{\"@type\":\"PropertyValueSpecification\",\"valueRequired\":true,\"valueName\":\"search_term_string\"}}],\"inLanguage\":\"es\"},{\"@type\":\"Organization\",\"@id\":\"https:\\\/\\\/antojosfit.es\\\/#organization\",\"name\":\"Antojosfit\",\"alternateName\":\"Antojosfit\",\"url\":\"https:\\\/\\\/antojosfit.es\\\/\",\"logo\":{\"@type\":\"ImageObject\",\"inLanguage\":\"es\",\"@id\":\"https:\\\/\\\/antojosfit.es\\\/#\\\/schema\\\/logo\\\/image\\\/\",\"url\":\"https:\\\/\\\/antojosfit.es\\\/wp-content\\\/uploads\\\/2024\\\/11\\\/image_resized_512x512.png\",\"contentUrl\":\"https:\\\/\\\/antojosfit.es\\\/wp-content\\\/uploads\\\/2024\\\/11\\\/image_resized_512x512.png\",\"width\":512,\"height\":512,\"caption\":\"Antojosfit\"},\"image\":{\"@id\":\"https:\\\/\\\/antojosfit.es\\\/#\\\/schema\\\/logo\\\/image\\\/\"},\"sameAs\":[\"https:\\\/\\\/www.facebook.com\\\/antojosfit.es\"]}]}<\/script>\n<!-- \/ Yoast SEO plugin. -->","yoast_head_json":{"title":"Pumpkin Bread - Antojosfit","description":"Pumpkin Bread saludable: sin lactosa, sin cereal y vegano. Bizcocho suave y especiado, ideal para acompa\u00f1ar tus momentos con sabor y nutrici\u00f3n.","robots":{"index":"index","follow":"follow","max-snippet":"max-snippet:-1","max-image-preview":"max-image-preview:large","max-video-preview":"max-video-preview:-1"},"canonical":"https:\/\/antojosfit.es\/es\/producto\/pumpkin-bread\/","og_locale":"es_ES","og_type":"article","og_title":"Pumpkin Bread - Antojosfit","og_description":"Pumpkin Bread saludable: sin lactosa, sin cereal y vegano. Bizcocho suave y especiado, ideal para acompa\u00f1ar tus momentos con sabor y nutrici\u00f3n.","og_url":"https:\/\/antojosfit.es\/es\/producto\/pumpkin-bread\/","og_site_name":"Antojosfit","article_publisher":"https:\/\/www.facebook.com\/antojosfit.es","article_modified_time":"2025-07-21T17:03:31+00:00","og_image":[{"width":800,"height":800,"url":"https:\/\/antojosfit.es\/wp-content\/uploads\/2024\/11\/extras-para-general-web-5.jpg","type":"image\/jpeg"}],"twitter_card":"summary_large_image","twitter_misc":{"Tiempo de lectura":"1 minuto"},"schema":{"@context":"https:\/\/schema.org","@graph":[{"@type":"WebPage","@id":"https:\/\/antojosfit.es\/producto\/pumpkin-bread\/","url":"https:\/\/antojosfit.es\/producto\/pumpkin-bread\/","name":"Pumpkin Bread - Antojosfit","isPartOf":{"@id":"https:\/\/antojosfit.es\/#website"},"primaryImageOfPage":{"@id":"https:\/\/antojosfit.es\/producto\/pumpkin-bread\/#primaryimage"},"image":{"@id":"https:\/\/antojosfit.es\/producto\/pumpkin-bread\/#primaryimage"},"thumbnailUrl":"https:\/\/antojosfit.es\/wp-content\/uploads\/2024\/11\/extras-para-general-web-5.jpg","datePublished":"2024-11-06T17:32:20+00:00","dateModified":"2025-07-21T17:03:31+00:00","description":"Pumpkin Bread saludable: sin lactosa, sin cereal y vegano. Bizcocho suave y especiado, ideal para acompa\u00f1ar tus momentos con sabor y nutrici\u00f3n.","breadcrumb":{"@id":"https:\/\/antojosfit.es\/producto\/pumpkin-bread\/#breadcrumb"},"inLanguage":"es","potentialAction":[{"@type":"ReadAction","target":["https:\/\/antojosfit.es\/producto\/pumpkin-bread\/"]}]},{"@type":"ImageObject","inLanguage":"es","@id":"https:\/\/antojosfit.es\/producto\/pumpkin-bread\/#primaryimage","url":"https:\/\/antojosfit.es\/wp-content\/uploads\/2024\/11\/extras-para-general-web-5.jpg","contentUrl":"https:\/\/antojosfit.es\/wp-content\/uploads\/2024\/11\/extras-para-general-web-5.jpg","width":800,"height":800},{"@type":"BreadcrumbList","@id":"https:\/\/antojosfit.es\/producto\/pumpkin-bread\/#breadcrumb","itemListElement":[{"@type":"ListItem","position":1,"name":"Portada","item":"https:\/\/antojosfit.es\/"},{"@type":"ListItem","position":2,"name":"Products","item":"https:\/\/antojosfit.es\/shop\/"},{"@type":"ListItem","position":3,"name":"Pumpkin Bread"}]},{"@type":"WebSite","@id":"https:\/\/antojosfit.es\/#website","url":"https:\/\/antojosfit.es\/","name":"Antojosfit","description":"Pasteler\u00eda y reposter\u00eda saludable en Madrid","publisher":{"@id":"https:\/\/antojosfit.es\/#organization"},"alternateName":"Antojosfit","potentialAction":[{"@type":"SearchAction","target":{"@type":"EntryPoint","urlTemplate":"https:\/\/antojosfit.es\/?s={search_term_string}"},"query-input":{"@type":"PropertyValueSpecification","valueRequired":true,"valueName":"search_term_string"}}],"inLanguage":"es"},{"@type":"Organization","@id":"https:\/\/antojosfit.es\/#organization","name":"Antojosfit","alternateName":"Antojosfit","url":"https:\/\/antojosfit.es\/","logo":{"@type":"ImageObject","inLanguage":"es","@id":"https:\/\/antojosfit.es\/#\/schema\/logo\/image\/","url":"https:\/\/antojosfit.es\/wp-content\/uploads\/2024\/11\/image_resized_512x512.png","contentUrl":"https:\/\/antojosfit.es\/wp-content\/uploads\/2024\/11\/image_resized_512x512.png","width":512,"height":512,"caption":"Antojosfit"},"image":{"@id":"https:\/\/antojosfit.es\/#\/schema\/logo\/image\/"},"sameAs":["https:\/\/www.facebook.com\/antojosfit.es"]}]}},"jetpack_sharing_enabled":true,"_links":{"self":[{"href":"https:\/\/antojosfit.es\/es\/wp-json\/wp\/v2\/product\/873","targetHints":{"allow":["GET"]}}],"collection":[{"href":"https:\/\/antojosfit.es\/es\/wp-json\/wp\/v2\/product"}],"about":[{"href":"https:\/\/antojosfit.es\/es\/wp-json\/wp\/v2\/types\/product"}],"replies":[{"embeddable":true,"href":"https:\/\/antojosfit.es\/es\/wp-json\/wp\/v2\/comments?post=873"}],"version-history":[{"count":2,"href":"https:\/\/antojosfit.es\/es\/wp-json\/wp\/v2\/product\/873\/revisions"}],"predecessor-version":[{"id":1347,"href":"https:\/\/antojosfit.es\/es\/wp-json\/wp\/v2\/product\/873\/revisions\/1347"}],"wp:featuredmedia":[{"embeddable":true,"href":"https:\/\/antojosfit.es\/es\/wp-json\/wp\/v2\/media\/940"}],"wp:attachment":[{"href":"https:\/\/antojosfit.es\/es\/wp-json\/wp\/v2\/media?parent=873"}],"wp:term":[{"taxonomy":"product_brand","embeddable":true,"href":"https:\/\/antojosfit.es\/es\/wp-json\/wp\/v2\/product_brand?post=873"},{"taxonomy":"product_cat","embeddable":true,"href":"https:\/\/antojosfit.es\/es\/wp-json\/wp\/v2\/product_cat?post=873"},{"taxonomy":"product_tag","embeddable":true,"href":"https:\/\/antojosfit.es\/es\/wp-json\/wp\/v2\/product_tag?post=873"}],"curies":[{"name":"wp","href":"https:\/\/api.w.org\/{rel}","templated":true}]}}