{"id":869,"date":"2024-11-06T18:32:19","date_gmt":"2024-11-06T17:32:19","guid":{"rendered":"https:\/\/antojosfit.es\/?post_type=product&#038;p=869"},"modified":"2025-08-27T10:50:36","modified_gmt":"2025-08-27T08:50:36","slug":"fit-reeses","status":"publish","type":"product","link":"https:\/\/antojosfit.es\/es\/producto\/fit-reeses\/","title":{"rendered":"Fit-Reese&#8217;s"},"content":{"rendered":"<p>Nuestros Fit-Reese&#8217;s son una deliciosa y saludable opci\u00f3n para los amantes del chocolate y la crema de cacahuetes. Esta versi\u00f3n nutritiva de las cl\u00e1sicas chocolatinas, est\u00e1 elaborada con chocolate sin az\u00facares a\u00f1adidos y un relleno delicioso de crema de cacahuetes con prote\u00edna whey, ideal para satisfacer tus antojos sin culpas. Adem\u00e1s de ser ricas en prote\u00edna, estos dulces te ofrecen un toque de energ\u00eda extra, siendo perfectos para despu\u00e9s del entrenamiento o como un snack saludable en cualquier momento del d\u00eda. \u00a1Un placer que combina lo mejor del sabor y la nutrici\u00f3n! Precio por unidad.<\/p>","protected":false},"excerpt":{"rendered":"<p>Disfruta de nuestros Fit-Reese&#8217;s, una versi\u00f3n saludable y proteica de las cl\u00e1sicas chocolatinas, hechas con chocolate con leche sin az\u00facares a\u00f1adidos y relleno de una una crema proteica de cacahuete salado. Precio por unidad.<\/p>\n<p>Puede contener trazas de frutos-c\u00e1scara.<\/p>","protected":false},"featured_media":1663,"comment_status":"closed","ping_status":"closed","template":"","meta":{"_joinchat":[]},"product_brand":[],"product_cat":[78],"product_tag":[48],"class_list":{"0":"post-869","1":"product","2":"type-product","3":"status-publish","4":"has-post-thumbnail","6":"product_cat-chocolatinas","7":"product_tag-chocolatina","9":"first","10":"instock","11":"taxable","12":"shipping-taxable","13":"purchasable","14":"product-type-simple"},"yoast_head":"<!-- This site is optimized with the Yoast SEO plugin v27.5 - https:\/\/yoast.com\/product\/yoast-seo-wordpress\/ -->\n<title>Fit-Reese&#039;s - Antojosfit<\/title>\n<meta name=\"description\" content=\"Fit Reeses saludables: sin lactosa, sin cereal, veganos y proteicos. Bocaditos de chocolate y man\u00ed para un antojo dulce y consciente.\" \/>\n<meta name=\"robots\" content=\"index, follow, max-snippet:-1, max-image-preview:large, max-video-preview:-1\" \/>\n<link rel=\"canonical\" href=\"https:\/\/antojosfit.es\/es\/producto\/fit-reeses\/\" \/>\n<meta property=\"og:locale\" content=\"es_ES\" \/>\n<meta property=\"og:type\" content=\"article\" \/>\n<meta property=\"og:title\" content=\"Fit-Reese&#039;s - Antojosfit\" \/>\n<meta property=\"og:description\" content=\"Fit Reeses saludables: sin lactosa, sin cereal, veganos y proteicos. Bocaditos de chocolate y man\u00ed para un antojo dulce y consciente.\" \/>\n<meta property=\"og:url\" content=\"https:\/\/antojosfit.es\/es\/producto\/fit-reeses\/\" \/>\n<meta property=\"og:site_name\" content=\"Antojosfit\" \/>\n<meta property=\"article:publisher\" content=\"https:\/\/www.facebook.com\/antojosfit.es\" \/>\n<meta property=\"article:modified_time\" content=\"2025-08-27T08:50:36+00:00\" \/>\n<meta property=\"og:image\" content=\"https:\/\/antojosfit.es\/wp-content\/uploads\/2024\/11\/DSCF0432-Photoroom.jpg\" \/>\n\t<meta property=\"og:image:width\" content=\"1080\" \/>\n\t<meta property=\"og:image:height\" content=\"1350\" \/>\n\t<meta property=\"og:image:type\" content=\"image\/jpeg\" \/>\n<meta name=\"twitter:card\" content=\"summary_large_image\" \/>\n<meta name=\"twitter:label1\" content=\"Tiempo de lectura\" \/>\n\t<meta name=\"twitter:data1\" content=\"1 minuto\" \/>\n<script type=\"application\/ld+json\" class=\"yoast-schema-graph\">{\"@context\":\"https:\\\/\\\/schema.org\",\"@graph\":[{\"@type\":\"WebPage\",\"@id\":\"https:\\\/\\\/antojosfit.es\\\/producto\\\/fit-reeses\\\/\",\"url\":\"https:\\\/\\\/antojosfit.es\\\/producto\\\/fit-reeses\\\/\",\"name\":\"Fit-Reese's - Antojosfit\",\"isPartOf\":{\"@id\":\"https:\\\/\\\/antojosfit.es\\\/#website\"},\"primaryImageOfPage\":{\"@id\":\"https:\\\/\\\/antojosfit.es\\\/producto\\\/fit-reeses\\\/#primaryimage\"},\"image\":{\"@id\":\"https:\\\/\\\/antojosfit.es\\\/producto\\\/fit-reeses\\\/#primaryimage\"},\"thumbnailUrl\":\"https:\\\/\\\/antojosfit.es\\\/wp-content\\\/uploads\\\/2024\\\/11\\\/DSCF0432-Photoroom.jpg\",\"datePublished\":\"2024-11-06T17:32:19+00:00\",\"dateModified\":\"2025-08-27T08:50:36+00:00\",\"description\":\"Fit Reeses saludables: sin lactosa, sin cereal, veganos y proteicos. Bocaditos de chocolate y man\u00ed para un antojo dulce y consciente.\",\"breadcrumb\":{\"@id\":\"https:\\\/\\\/antojosfit.es\\\/producto\\\/fit-reeses\\\/#breadcrumb\"},\"inLanguage\":\"es\",\"potentialAction\":[{\"@type\":\"ReadAction\",\"target\":[\"https:\\\/\\\/antojosfit.es\\\/producto\\\/fit-reeses\\\/\"]}]},{\"@type\":\"ImageObject\",\"inLanguage\":\"es\",\"@id\":\"https:\\\/\\\/antojosfit.es\\\/producto\\\/fit-reeses\\\/#primaryimage\",\"url\":\"https:\\\/\\\/antojosfit.es\\\/wp-content\\\/uploads\\\/2024\\\/11\\\/DSCF0432-Photoroom.jpg\",\"contentUrl\":\"https:\\\/\\\/antojosfit.es\\\/wp-content\\\/uploads\\\/2024\\\/11\\\/DSCF0432-Photoroom.jpg\",\"width\":1080,\"height\":1350},{\"@type\":\"BreadcrumbList\",\"@id\":\"https:\\\/\\\/antojosfit.es\\\/producto\\\/fit-reeses\\\/#breadcrumb\",\"itemListElement\":[{\"@type\":\"ListItem\",\"position\":1,\"name\":\"Portada\",\"item\":\"https:\\\/\\\/antojosfit.es\\\/\"},{\"@type\":\"ListItem\",\"position\":2,\"name\":\"Products\",\"item\":\"https:\\\/\\\/antojosfit.es\\\/shop\\\/\"},{\"@type\":\"ListItem\",\"position\":3,\"name\":\"Fit-Reese&#8217;s\"}]},{\"@type\":\"WebSite\",\"@id\":\"https:\\\/\\\/antojosfit.es\\\/#website\",\"url\":\"https:\\\/\\\/antojosfit.es\\\/\",\"name\":\"Antojosfit\",\"description\":\"Pasteler\u00eda y reposter\u00eda saludable en Madrid\",\"publisher\":{\"@id\":\"https:\\\/\\\/antojosfit.es\\\/#organization\"},\"alternateName\":\"Antojosfit\",\"potentialAction\":[{\"@type\":\"SearchAction\",\"target\":{\"@type\":\"EntryPoint\",\"urlTemplate\":\"https:\\\/\\\/antojosfit.es\\\/?s={search_term_string}\"},\"query-input\":{\"@type\":\"PropertyValueSpecification\",\"valueRequired\":true,\"valueName\":\"search_term_string\"}}],\"inLanguage\":\"es\"},{\"@type\":\"Organization\",\"@id\":\"https:\\\/\\\/antojosfit.es\\\/#organization\",\"name\":\"Antojosfit\",\"alternateName\":\"Antojosfit\",\"url\":\"https:\\\/\\\/antojosfit.es\\\/\",\"logo\":{\"@type\":\"ImageObject\",\"inLanguage\":\"es\",\"@id\":\"https:\\\/\\\/antojosfit.es\\\/#\\\/schema\\\/logo\\\/image\\\/\",\"url\":\"https:\\\/\\\/antojosfit.es\\\/wp-content\\\/uploads\\\/2024\\\/11\\\/image_resized_512x512.png\",\"contentUrl\":\"https:\\\/\\\/antojosfit.es\\\/wp-content\\\/uploads\\\/2024\\\/11\\\/image_resized_512x512.png\",\"width\":512,\"height\":512,\"caption\":\"Antojosfit\"},\"image\":{\"@id\":\"https:\\\/\\\/antojosfit.es\\\/#\\\/schema\\\/logo\\\/image\\\/\"},\"sameAs\":[\"https:\\\/\\\/www.facebook.com\\\/antojosfit.es\"]}]}<\/script>\n<!-- \/ Yoast SEO plugin. -->","yoast_head_json":{"title":"Fit-Reese's - Antojosfit","description":"Fit Reeses saludables: sin lactosa, sin cereal, veganos y proteicos. Bocaditos de chocolate y man\u00ed para un antojo dulce y consciente.","robots":{"index":"index","follow":"follow","max-snippet":"max-snippet:-1","max-image-preview":"max-image-preview:large","max-video-preview":"max-video-preview:-1"},"canonical":"https:\/\/antojosfit.es\/es\/producto\/fit-reeses\/","og_locale":"es_ES","og_type":"article","og_title":"Fit-Reese's - Antojosfit","og_description":"Fit Reeses saludables: sin lactosa, sin cereal, veganos y proteicos. Bocaditos de chocolate y man\u00ed para un antojo dulce y consciente.","og_url":"https:\/\/antojosfit.es\/es\/producto\/fit-reeses\/","og_site_name":"Antojosfit","article_publisher":"https:\/\/www.facebook.com\/antojosfit.es","article_modified_time":"2025-08-27T08:50:36+00:00","og_image":[{"width":1080,"height":1350,"url":"https:\/\/antojosfit.es\/wp-content\/uploads\/2024\/11\/DSCF0432-Photoroom.jpg","type":"image\/jpeg"}],"twitter_card":"summary_large_image","twitter_misc":{"Tiempo de lectura":"1 minuto"},"schema":{"@context":"https:\/\/schema.org","@graph":[{"@type":"WebPage","@id":"https:\/\/antojosfit.es\/producto\/fit-reeses\/","url":"https:\/\/antojosfit.es\/producto\/fit-reeses\/","name":"Fit-Reese's - Antojosfit","isPartOf":{"@id":"https:\/\/antojosfit.es\/#website"},"primaryImageOfPage":{"@id":"https:\/\/antojosfit.es\/producto\/fit-reeses\/#primaryimage"},"image":{"@id":"https:\/\/antojosfit.es\/producto\/fit-reeses\/#primaryimage"},"thumbnailUrl":"https:\/\/antojosfit.es\/wp-content\/uploads\/2024\/11\/DSCF0432-Photoroom.jpg","datePublished":"2024-11-06T17:32:19+00:00","dateModified":"2025-08-27T08:50:36+00:00","description":"Fit Reeses saludables: sin lactosa, sin cereal, veganos y proteicos. Bocaditos de chocolate y man\u00ed para un antojo dulce y consciente.","breadcrumb":{"@id":"https:\/\/antojosfit.es\/producto\/fit-reeses\/#breadcrumb"},"inLanguage":"es","potentialAction":[{"@type":"ReadAction","target":["https:\/\/antojosfit.es\/producto\/fit-reeses\/"]}]},{"@type":"ImageObject","inLanguage":"es","@id":"https:\/\/antojosfit.es\/producto\/fit-reeses\/#primaryimage","url":"https:\/\/antojosfit.es\/wp-content\/uploads\/2024\/11\/DSCF0432-Photoroom.jpg","contentUrl":"https:\/\/antojosfit.es\/wp-content\/uploads\/2024\/11\/DSCF0432-Photoroom.jpg","width":1080,"height":1350},{"@type":"BreadcrumbList","@id":"https:\/\/antojosfit.es\/producto\/fit-reeses\/#breadcrumb","itemListElement":[{"@type":"ListItem","position":1,"name":"Portada","item":"https:\/\/antojosfit.es\/"},{"@type":"ListItem","position":2,"name":"Products","item":"https:\/\/antojosfit.es\/shop\/"},{"@type":"ListItem","position":3,"name":"Fit-Reese&#8217;s"}]},{"@type":"WebSite","@id":"https:\/\/antojosfit.es\/#website","url":"https:\/\/antojosfit.es\/","name":"Antojosfit","description":"Pasteler\u00eda y reposter\u00eda saludable en Madrid","publisher":{"@id":"https:\/\/antojosfit.es\/#organization"},"alternateName":"Antojosfit","potentialAction":[{"@type":"SearchAction","target":{"@type":"EntryPoint","urlTemplate":"https:\/\/antojosfit.es\/?s={search_term_string}"},"query-input":{"@type":"PropertyValueSpecification","valueRequired":true,"valueName":"search_term_string"}}],"inLanguage":"es"},{"@type":"Organization","@id":"https:\/\/antojosfit.es\/#organization","name":"Antojosfit","alternateName":"Antojosfit","url":"https:\/\/antojosfit.es\/","logo":{"@type":"ImageObject","inLanguage":"es","@id":"https:\/\/antojosfit.es\/#\/schema\/logo\/image\/","url":"https:\/\/antojosfit.es\/wp-content\/uploads\/2024\/11\/image_resized_512x512.png","contentUrl":"https:\/\/antojosfit.es\/wp-content\/uploads\/2024\/11\/image_resized_512x512.png","width":512,"height":512,"caption":"Antojosfit"},"image":{"@id":"https:\/\/antojosfit.es\/#\/schema\/logo\/image\/"},"sameAs":["https:\/\/www.facebook.com\/antojosfit.es"]}]}},"jetpack_sharing_enabled":true,"_links":{"self":[{"href":"https:\/\/antojosfit.es\/es\/wp-json\/wp\/v2\/product\/869","targetHints":{"allow":["GET"]}}],"collection":[{"href":"https:\/\/antojosfit.es\/es\/wp-json\/wp\/v2\/product"}],"about":[{"href":"https:\/\/antojosfit.es\/es\/wp-json\/wp\/v2\/types\/product"}],"replies":[{"embeddable":true,"href":"https:\/\/antojosfit.es\/es\/wp-json\/wp\/v2\/comments?post=869"}],"version-history":[{"count":3,"href":"https:\/\/antojosfit.es\/es\/wp-json\/wp\/v2\/product\/869\/revisions"}],"predecessor-version":[{"id":1666,"href":"https:\/\/antojosfit.es\/es\/wp-json\/wp\/v2\/product\/869\/revisions\/1666"}],"wp:featuredmedia":[{"embeddable":true,"href":"https:\/\/antojosfit.es\/es\/wp-json\/wp\/v2\/media\/1663"}],"wp:attachment":[{"href":"https:\/\/antojosfit.es\/es\/wp-json\/wp\/v2\/media?parent=869"}],"wp:term":[{"taxonomy":"product_brand","embeddable":true,"href":"https:\/\/antojosfit.es\/es\/wp-json\/wp\/v2\/product_brand?post=869"},{"taxonomy":"product_cat","embeddable":true,"href":"https:\/\/antojosfit.es\/es\/wp-json\/wp\/v2\/product_cat?post=869"},{"taxonomy":"product_tag","embeddable":true,"href":"https:\/\/antojosfit.es\/es\/wp-json\/wp\/v2\/product_tag?post=869"}],"curies":[{"name":"wp","href":"https:\/\/api.w.org\/{rel}","templated":true}]}}