{"id":855,"date":"2024-11-06T18:32:15","date_gmt":"2024-11-06T17:32:15","guid":{"rendered":"https:\/\/antojosfit.es\/?post_type=product&#038;p=855"},"modified":"2025-07-21T19:10:17","modified_gmt":"2025-07-21T17:10:17","slug":"cookies-veganas","status":"publish","type":"product","link":"https:\/\/antojosfit.es\/es\/producto\/cookies-veganas\/","title":{"rendered":"Cookies veganas (paquete de 6 unidades)"},"content":{"rendered":"<p>Disfruta de nuestras galletas veganas, una opci\u00f3n perfecta para quienes buscan un snack saludable sin renunciar al sabor. Est\u00e1n elaboradas con harina de espelta integral, que aporta fibra y nutrientes, y endulzadas con eritritol. Cada galleta est\u00e1 enriquecida con ingredientes naturales y ofrece una textura crocante. Los peque\u00f1os trozos de nueces, pasas y chocolate negro, a\u00f1aden un sabor y textura \u00fanicos, convirti\u00e9ndolas en el acompa\u00f1amiento ideal para cualquier momento del d\u00eda.<\/p>","protected":false},"excerpt":{"rendered":"<p>Nuestras galletas veganas est\u00e1n elaboradas con harina de espelta integral y endulzadas con eritritol, perfectas para un snack saludable y delicioso.<\/p>\n<p>Puede contener trazas de cacahuete, leche, s\u00e9samo.<\/p>","protected":false},"featured_media":1411,"comment_status":"closed","ping_status":"closed","template":"","meta":{"_joinchat":[]},"product_brand":[],"product_cat":[70,68,35],"product_tag":[42,38,40],"class_list":{"0":"post-855","1":"product","2":"type-product","3":"status-publish","4":"has-post-thumbnail","6":"product_cat-galletas","7":"product_cat-sin-lactosa","8":"product_cat-vegano","9":"product_tag-galletas","10":"product_tag-sin-lactosa","11":"product_tag-vegano","13":"first","14":"outofstock","15":"taxable","16":"shipping-taxable","17":"purchasable","18":"product-type-simple"},"yoast_head":"<!-- This site is optimized with the Yoast SEO plugin v27.5 - https:\/\/yoast.com\/product\/yoast-seo-wordpress\/ -->\n<title>Cookies veganas (paquete de 6 unidades) - Antojosfit<\/title>\n<meta name=\"description\" content=\"Cookies veganas saludables: sin lactosa, sin cereal y endulzadas naturalmente. Crujientes, nutritivas y perfectas para un snack sin culpa.\" \/>\n<meta name=\"robots\" content=\"index, follow, max-snippet:-1, max-image-preview:large, max-video-preview:-1\" \/>\n<link rel=\"canonical\" href=\"https:\/\/antojosfit.es\/es\/producto\/cookies-veganas\/\" \/>\n<meta property=\"og:locale\" content=\"es_ES\" \/>\n<meta property=\"og:type\" content=\"article\" \/>\n<meta property=\"og:title\" content=\"Cookies veganas (paquete de 6 unidades) - Antojosfit\" \/>\n<meta property=\"og:description\" content=\"Cookies veganas saludables: sin lactosa, sin cereal y endulzadas naturalmente. Crujientes, nutritivas y perfectas para un snack sin culpa.\" \/>\n<meta property=\"og:url\" content=\"https:\/\/antojosfit.es\/es\/producto\/cookies-veganas\/\" \/>\n<meta property=\"og:site_name\" content=\"Antojosfit\" \/>\n<meta property=\"article:publisher\" content=\"https:\/\/www.facebook.com\/antojosfit.es\" \/>\n<meta property=\"article:modified_time\" content=\"2025-07-21T17:10:17+00:00\" \/>\n<meta property=\"og:image\" content=\"https:\/\/antojosfit.es\/wp-content\/uploads\/2024\/11\/14.png\" \/>\n\t<meta property=\"og:image:width\" content=\"800\" \/>\n\t<meta property=\"og:image:height\" content=\"800\" \/>\n\t<meta property=\"og:image:type\" content=\"image\/png\" \/>\n<meta name=\"twitter:card\" content=\"summary_large_image\" \/>\n<meta name=\"twitter:label1\" content=\"Tiempo de lectura\" \/>\n\t<meta name=\"twitter:data1\" content=\"1 minuto\" \/>\n<script type=\"application\/ld+json\" class=\"yoast-schema-graph\">{\"@context\":\"https:\\\/\\\/schema.org\",\"@graph\":[{\"@type\":\"WebPage\",\"@id\":\"https:\\\/\\\/antojosfit.es\\\/producto\\\/cookies-veganas\\\/\",\"url\":\"https:\\\/\\\/antojosfit.es\\\/producto\\\/cookies-veganas\\\/\",\"name\":\"Cookies veganas (paquete de 6 unidades) - Antojosfit\",\"isPartOf\":{\"@id\":\"https:\\\/\\\/antojosfit.es\\\/#website\"},\"primaryImageOfPage\":{\"@id\":\"https:\\\/\\\/antojosfit.es\\\/producto\\\/cookies-veganas\\\/#primaryimage\"},\"image\":{\"@id\":\"https:\\\/\\\/antojosfit.es\\\/producto\\\/cookies-veganas\\\/#primaryimage\"},\"thumbnailUrl\":\"https:\\\/\\\/antojosfit.es\\\/wp-content\\\/uploads\\\/2024\\\/11\\\/14.png\",\"datePublished\":\"2024-11-06T17:32:15+00:00\",\"dateModified\":\"2025-07-21T17:10:17+00:00\",\"description\":\"Cookies veganas saludables: sin lactosa, sin cereal y endulzadas naturalmente. Crujientes, nutritivas y perfectas para un snack sin culpa.\",\"breadcrumb\":{\"@id\":\"https:\\\/\\\/antojosfit.es\\\/producto\\\/cookies-veganas\\\/#breadcrumb\"},\"inLanguage\":\"es\",\"potentialAction\":[{\"@type\":\"ReadAction\",\"target\":[\"https:\\\/\\\/antojosfit.es\\\/producto\\\/cookies-veganas\\\/\"]}]},{\"@type\":\"ImageObject\",\"inLanguage\":\"es\",\"@id\":\"https:\\\/\\\/antojosfit.es\\\/producto\\\/cookies-veganas\\\/#primaryimage\",\"url\":\"https:\\\/\\\/antojosfit.es\\\/wp-content\\\/uploads\\\/2024\\\/11\\\/14.png\",\"contentUrl\":\"https:\\\/\\\/antojosfit.es\\\/wp-content\\\/uploads\\\/2024\\\/11\\\/14.png\",\"width\":800,\"height\":800},{\"@type\":\"BreadcrumbList\",\"@id\":\"https:\\\/\\\/antojosfit.es\\\/producto\\\/cookies-veganas\\\/#breadcrumb\",\"itemListElement\":[{\"@type\":\"ListItem\",\"position\":1,\"name\":\"Portada\",\"item\":\"https:\\\/\\\/antojosfit.es\\\/\"},{\"@type\":\"ListItem\",\"position\":2,\"name\":\"Products\",\"item\":\"https:\\\/\\\/antojosfit.es\\\/shop\\\/\"},{\"@type\":\"ListItem\",\"position\":3,\"name\":\"Cookies veganas (paquete de 6 unidades)\"}]},{\"@type\":\"WebSite\",\"@id\":\"https:\\\/\\\/antojosfit.es\\\/#website\",\"url\":\"https:\\\/\\\/antojosfit.es\\\/\",\"name\":\"Antojosfit\",\"description\":\"Pasteler\u00eda y reposter\u00eda saludable en Madrid\",\"publisher\":{\"@id\":\"https:\\\/\\\/antojosfit.es\\\/#organization\"},\"alternateName\":\"Antojosfit\",\"potentialAction\":[{\"@type\":\"SearchAction\",\"target\":{\"@type\":\"EntryPoint\",\"urlTemplate\":\"https:\\\/\\\/antojosfit.es\\\/?s={search_term_string}\"},\"query-input\":{\"@type\":\"PropertyValueSpecification\",\"valueRequired\":true,\"valueName\":\"search_term_string\"}}],\"inLanguage\":\"es\"},{\"@type\":\"Organization\",\"@id\":\"https:\\\/\\\/antojosfit.es\\\/#organization\",\"name\":\"Antojosfit\",\"alternateName\":\"Antojosfit\",\"url\":\"https:\\\/\\\/antojosfit.es\\\/\",\"logo\":{\"@type\":\"ImageObject\",\"inLanguage\":\"es\",\"@id\":\"https:\\\/\\\/antojosfit.es\\\/#\\\/schema\\\/logo\\\/image\\\/\",\"url\":\"https:\\\/\\\/antojosfit.es\\\/wp-content\\\/uploads\\\/2024\\\/11\\\/image_resized_512x512.png\",\"contentUrl\":\"https:\\\/\\\/antojosfit.es\\\/wp-content\\\/uploads\\\/2024\\\/11\\\/image_resized_512x512.png\",\"width\":512,\"height\":512,\"caption\":\"Antojosfit\"},\"image\":{\"@id\":\"https:\\\/\\\/antojosfit.es\\\/#\\\/schema\\\/logo\\\/image\\\/\"},\"sameAs\":[\"https:\\\/\\\/www.facebook.com\\\/antojosfit.es\"]}]}<\/script>\n<!-- \/ Yoast SEO plugin. -->","yoast_head_json":{"title":"Cookies veganas (paquete de 6 unidades) - Antojosfit","description":"Cookies veganas saludables: sin lactosa, sin cereal y endulzadas naturalmente. Crujientes, nutritivas y perfectas para un snack sin culpa.","robots":{"index":"index","follow":"follow","max-snippet":"max-snippet:-1","max-image-preview":"max-image-preview:large","max-video-preview":"max-video-preview:-1"},"canonical":"https:\/\/antojosfit.es\/es\/producto\/cookies-veganas\/","og_locale":"es_ES","og_type":"article","og_title":"Cookies veganas (paquete de 6 unidades) - Antojosfit","og_description":"Cookies veganas saludables: sin lactosa, sin cereal y endulzadas naturalmente. Crujientes, nutritivas y perfectas para un snack sin culpa.","og_url":"https:\/\/antojosfit.es\/es\/producto\/cookies-veganas\/","og_site_name":"Antojosfit","article_publisher":"https:\/\/www.facebook.com\/antojosfit.es","article_modified_time":"2025-07-21T17:10:17+00:00","og_image":[{"width":800,"height":800,"url":"https:\/\/antojosfit.es\/wp-content\/uploads\/2024\/11\/14.png","type":"image\/png"}],"twitter_card":"summary_large_image","twitter_misc":{"Tiempo de lectura":"1 minuto"},"schema":{"@context":"https:\/\/schema.org","@graph":[{"@type":"WebPage","@id":"https:\/\/antojosfit.es\/producto\/cookies-veganas\/","url":"https:\/\/antojosfit.es\/producto\/cookies-veganas\/","name":"Cookies veganas (paquete de 6 unidades) - Antojosfit","isPartOf":{"@id":"https:\/\/antojosfit.es\/#website"},"primaryImageOfPage":{"@id":"https:\/\/antojosfit.es\/producto\/cookies-veganas\/#primaryimage"},"image":{"@id":"https:\/\/antojosfit.es\/producto\/cookies-veganas\/#primaryimage"},"thumbnailUrl":"https:\/\/antojosfit.es\/wp-content\/uploads\/2024\/11\/14.png","datePublished":"2024-11-06T17:32:15+00:00","dateModified":"2025-07-21T17:10:17+00:00","description":"Cookies veganas saludables: sin lactosa, sin cereal y endulzadas naturalmente. Crujientes, nutritivas y perfectas para un snack sin culpa.","breadcrumb":{"@id":"https:\/\/antojosfit.es\/producto\/cookies-veganas\/#breadcrumb"},"inLanguage":"es","potentialAction":[{"@type":"ReadAction","target":["https:\/\/antojosfit.es\/producto\/cookies-veganas\/"]}]},{"@type":"ImageObject","inLanguage":"es","@id":"https:\/\/antojosfit.es\/producto\/cookies-veganas\/#primaryimage","url":"https:\/\/antojosfit.es\/wp-content\/uploads\/2024\/11\/14.png","contentUrl":"https:\/\/antojosfit.es\/wp-content\/uploads\/2024\/11\/14.png","width":800,"height":800},{"@type":"BreadcrumbList","@id":"https:\/\/antojosfit.es\/producto\/cookies-veganas\/#breadcrumb","itemListElement":[{"@type":"ListItem","position":1,"name":"Portada","item":"https:\/\/antojosfit.es\/"},{"@type":"ListItem","position":2,"name":"Products","item":"https:\/\/antojosfit.es\/shop\/"},{"@type":"ListItem","position":3,"name":"Cookies veganas (paquete de 6 unidades)"}]},{"@type":"WebSite","@id":"https:\/\/antojosfit.es\/#website","url":"https:\/\/antojosfit.es\/","name":"Antojosfit","description":"Pasteler\u00eda y reposter\u00eda saludable en Madrid","publisher":{"@id":"https:\/\/antojosfit.es\/#organization"},"alternateName":"Antojosfit","potentialAction":[{"@type":"SearchAction","target":{"@type":"EntryPoint","urlTemplate":"https:\/\/antojosfit.es\/?s={search_term_string}"},"query-input":{"@type":"PropertyValueSpecification","valueRequired":true,"valueName":"search_term_string"}}],"inLanguage":"es"},{"@type":"Organization","@id":"https:\/\/antojosfit.es\/#organization","name":"Antojosfit","alternateName":"Antojosfit","url":"https:\/\/antojosfit.es\/","logo":{"@type":"ImageObject","inLanguage":"es","@id":"https:\/\/antojosfit.es\/#\/schema\/logo\/image\/","url":"https:\/\/antojosfit.es\/wp-content\/uploads\/2024\/11\/image_resized_512x512.png","contentUrl":"https:\/\/antojosfit.es\/wp-content\/uploads\/2024\/11\/image_resized_512x512.png","width":512,"height":512,"caption":"Antojosfit"},"image":{"@id":"https:\/\/antojosfit.es\/#\/schema\/logo\/image\/"},"sameAs":["https:\/\/www.facebook.com\/antojosfit.es"]}]}},"jetpack_sharing_enabled":true,"_links":{"self":[{"href":"https:\/\/antojosfit.es\/es\/wp-json\/wp\/v2\/product\/855","targetHints":{"allow":["GET"]}}],"collection":[{"href":"https:\/\/antojosfit.es\/es\/wp-json\/wp\/v2\/product"}],"about":[{"href":"https:\/\/antojosfit.es\/es\/wp-json\/wp\/v2\/types\/product"}],"replies":[{"embeddable":true,"href":"https:\/\/antojosfit.es\/es\/wp-json\/wp\/v2\/comments?post=855"}],"version-history":[{"count":3,"href":"https:\/\/antojosfit.es\/es\/wp-json\/wp\/v2\/product\/855\/revisions"}],"predecessor-version":[{"id":1350,"href":"https:\/\/antojosfit.es\/es\/wp-json\/wp\/v2\/product\/855\/revisions\/1350"}],"wp:featuredmedia":[{"embeddable":true,"href":"https:\/\/antojosfit.es\/es\/wp-json\/wp\/v2\/media\/1411"}],"wp:attachment":[{"href":"https:\/\/antojosfit.es\/es\/wp-json\/wp\/v2\/media?parent=855"}],"wp:term":[{"taxonomy":"product_brand","embeddable":true,"href":"https:\/\/antojosfit.es\/es\/wp-json\/wp\/v2\/product_brand?post=855"},{"taxonomy":"product_cat","embeddable":true,"href":"https:\/\/antojosfit.es\/es\/wp-json\/wp\/v2\/product_cat?post=855"},{"taxonomy":"product_tag","embeddable":true,"href":"https:\/\/antojosfit.es\/es\/wp-json\/wp\/v2\/product_tag?post=855"}],"curies":[{"name":"wp","href":"https:\/\/api.w.org\/{rel}","templated":true}]}}