{"id":1753,"date":"2025-08-06T17:14:14","date_gmt":"2025-08-06T15:14:14","guid":{"rendered":"https:\/\/antojosfit.es\/?post_type=product&#038;p=1753"},"modified":"2025-08-27T10:31:11","modified_gmt":"2025-08-27T08:31:11","slug":"caja-regalo-chocolate-lover","status":"publish","type":"product","link":"https:\/\/antojosfit.es\/es\/producto\/caja-regalo-chocolate-lover\/","title":{"rendered":"Caja Regalo &#8220;Chocolate Lover&#8221;"},"content":{"rendered":"<p data-start=\"1677\" data-end=\"1927\">Si el chocolate es tu debilidad, esta caja est\u00e1 hecha para ti. Reunimos cinco de nuestras creaciones m\u00e1s intensas y chocolatosas para ofrecer una experiencia llena de sabor, sin az\u00facares a\u00f1adidos y con ingredientes de calidad.<\/p>\n<p data-start=\"1929\" data-end=\"2140\">Desde la cremosidad de un donut relleno hasta la textura suave del brookie o la combinaci\u00f3n perfecta del cacahuete salado con chocolate, esta caja es ideal para regalar o para darte ese gusto especial sin culpa.<\/p>\n<p data-start=\"2142\" data-end=\"2169\"><strong data-start=\"2142\" data-end=\"2167\">Contenido de la caja:<\/strong><\/p>\n<ul data-start=\"2170\" data-end=\"2427\">\n<li data-start=\"2170\" data-end=\"2192\">\n<p data-start=\"2172\" data-end=\"2192\">1 porci\u00f3n de brookie<\/p>\n<\/li>\n<li data-start=\"2193\" data-end=\"2228\">\n<p data-start=\"2195\" data-end=\"2228\">1 porci\u00f3n de brownie de almendras<\/p>\n<\/li>\n<li data-start=\"2229\" data-end=\"2307\">\n<p data-start=\"2231\" data-end=\"2307\">1 donut relleno de crema de cacao ecol\u00f3gica y cobertura de chocolate negro<\/p>\n<\/li>\n<li data-start=\"2308\" data-end=\"2368\">\n<p data-start=\"2310\" data-end=\"2368\">1 donut sin relleno con cobertura de chocolate con leche<\/p>\n<\/li>\n<li data-start=\"2369\" data-end=\"2427\">\n<p data-start=\"2371\" data-end=\"2427\">1 chocolatina proteica de cacahuete salado (fit Reese\u2019s)<\/p>\n<\/li>\n<\/ul>","protected":false},"excerpt":{"rendered":"<p data-start=\"216\" data-end=\"485\">La caja ideal para quienes disfrutan intensamente del chocolate. Cinco delicias con distintos tipos de chocolate y texturas irresistibles, sin az\u00facares a\u00f1adidos ni harinas refinadas.<\/p>","protected":false},"featured_media":1653,"comment_status":"closed","ping_status":"closed","template":"","meta":{"_joinchat":[]},"product_brand":[],"product_cat":[73,95,71,70,77],"product_tag":[],"class_list":{"0":"post-1753","1":"product","2":"type-product","3":"status-publish","4":"has-post-thumbnail","6":"product_cat-bizcochos","7":"product_cat-caja-regalo","8":"product_cat-donuts","9":"product_cat-galletas","10":"product_cat-merienda","12":"first","13":"instock","14":"taxable","15":"shipping-taxable","16":"purchasable","17":"product-type-simple"},"yoast_head":"<!-- This site is optimized with the Yoast SEO plugin v27.5 - https:\/\/yoast.com\/product\/yoast-seo-wordpress\/ -->\n<title>Caja Regalo &quot;Chocolate Lover&quot; - Antojosfit<\/title>\n<meta name=\"description\" content=\"La caja ideal para quienes disfrutan del chocolate. Cinco delicias con distintos tipos de chocolate, sin az\u00facares a\u00f1adidos ni harinas refinadas.\" \/>\n<meta name=\"robots\" content=\"index, follow, max-snippet:-1, max-image-preview:large, max-video-preview:-1\" \/>\n<link rel=\"canonical\" href=\"https:\/\/antojosfit.es\/es\/producto\/caja-regalo-chocolate-lover\/\" \/>\n<meta property=\"og:locale\" content=\"es_ES\" \/>\n<meta property=\"og:type\" content=\"article\" \/>\n<meta property=\"og:title\" content=\"Caja Regalo &quot;Chocolate Lover&quot; - Antojosfit\" \/>\n<meta property=\"og:description\" content=\"La caja ideal para quienes disfrutan del chocolate. Cinco delicias con distintos tipos de chocolate, sin az\u00facares a\u00f1adidos ni harinas refinadas.\" \/>\n<meta property=\"og:url\" content=\"https:\/\/antojosfit.es\/es\/producto\/caja-regalo-chocolate-lover\/\" \/>\n<meta property=\"og:site_name\" content=\"Antojosfit\" \/>\n<meta property=\"article:publisher\" content=\"https:\/\/www.facebook.com\/antojosfit.es\" \/>\n<meta property=\"article:modified_time\" content=\"2025-08-27T08:31:11+00:00\" \/>\n<meta property=\"og:image\" content=\"https:\/\/antojosfit.es\/wp-content\/uploads\/2024\/11\/DSCF0395-Photoroom.jpg\" \/>\n\t<meta property=\"og:image:width\" content=\"1080\" \/>\n\t<meta property=\"og:image:height\" content=\"1350\" \/>\n\t<meta property=\"og:image:type\" content=\"image\/jpeg\" \/>\n<meta name=\"twitter:card\" content=\"summary_large_image\" \/>\n<meta name=\"twitter:label1\" content=\"Tiempo de lectura\" \/>\n\t<meta name=\"twitter:data1\" content=\"1 minuto\" \/>\n<script type=\"application\/ld+json\" class=\"yoast-schema-graph\">{\"@context\":\"https:\\\/\\\/schema.org\",\"@graph\":[{\"@type\":\"WebPage\",\"@id\":\"https:\\\/\\\/antojosfit.es\\\/es\\\/producto\\\/caja-regalo-chocolate-lover\\\/\",\"url\":\"https:\\\/\\\/antojosfit.es\\\/es\\\/producto\\\/caja-regalo-chocolate-lover\\\/\",\"name\":\"Caja Regalo \\\"Chocolate Lover\\\" - Antojosfit\",\"isPartOf\":{\"@id\":\"https:\\\/\\\/antojosfit.es\\\/#website\"},\"primaryImageOfPage\":{\"@id\":\"https:\\\/\\\/antojosfit.es\\\/es\\\/producto\\\/caja-regalo-chocolate-lover\\\/#primaryimage\"},\"image\":{\"@id\":\"https:\\\/\\\/antojosfit.es\\\/es\\\/producto\\\/caja-regalo-chocolate-lover\\\/#primaryimage\"},\"thumbnailUrl\":\"https:\\\/\\\/antojosfit.es\\\/wp-content\\\/uploads\\\/2024\\\/11\\\/DSCF0395-Photoroom.jpg\",\"datePublished\":\"2025-08-06T15:14:14+00:00\",\"dateModified\":\"2025-08-27T08:31:11+00:00\",\"description\":\"La caja ideal para quienes disfrutan del chocolate. Cinco delicias con distintos tipos de chocolate, sin az\u00facares a\u00f1adidos ni harinas refinadas.\",\"breadcrumb\":{\"@id\":\"https:\\\/\\\/antojosfit.es\\\/es\\\/producto\\\/caja-regalo-chocolate-lover\\\/#breadcrumb\"},\"inLanguage\":\"es\",\"potentialAction\":[{\"@type\":\"ReadAction\",\"target\":[\"https:\\\/\\\/antojosfit.es\\\/es\\\/producto\\\/caja-regalo-chocolate-lover\\\/\"]}]},{\"@type\":\"ImageObject\",\"inLanguage\":\"es\",\"@id\":\"https:\\\/\\\/antojosfit.es\\\/es\\\/producto\\\/caja-regalo-chocolate-lover\\\/#primaryimage\",\"url\":\"https:\\\/\\\/antojosfit.es\\\/wp-content\\\/uploads\\\/2024\\\/11\\\/DSCF0395-Photoroom.jpg\",\"contentUrl\":\"https:\\\/\\\/antojosfit.es\\\/wp-content\\\/uploads\\\/2024\\\/11\\\/DSCF0395-Photoroom.jpg\",\"width\":1080,\"height\":1350},{\"@type\":\"BreadcrumbList\",\"@id\":\"https:\\\/\\\/antojosfit.es\\\/es\\\/producto\\\/caja-regalo-chocolate-lover\\\/#breadcrumb\",\"itemListElement\":[{\"@type\":\"ListItem\",\"position\":1,\"name\":\"Portada\",\"item\":\"https:\\\/\\\/antojosfit.es\\\/\"},{\"@type\":\"ListItem\",\"position\":2,\"name\":\"Products\",\"item\":\"https:\\\/\\\/antojosfit.es\\\/shop\\\/\"},{\"@type\":\"ListItem\",\"position\":3,\"name\":\"Caja Regalo &#8220;Chocolate Lover&#8221;\"}]},{\"@type\":\"WebSite\",\"@id\":\"https:\\\/\\\/antojosfit.es\\\/#website\",\"url\":\"https:\\\/\\\/antojosfit.es\\\/\",\"name\":\"Antojosfit\",\"description\":\"Pasteler\u00eda y reposter\u00eda saludable en Madrid\",\"publisher\":{\"@id\":\"https:\\\/\\\/antojosfit.es\\\/#organization\"},\"alternateName\":\"Antojosfit\",\"potentialAction\":[{\"@type\":\"SearchAction\",\"target\":{\"@type\":\"EntryPoint\",\"urlTemplate\":\"https:\\\/\\\/antojosfit.es\\\/?s={search_term_string}\"},\"query-input\":{\"@type\":\"PropertyValueSpecification\",\"valueRequired\":true,\"valueName\":\"search_term_string\"}}],\"inLanguage\":\"es\"},{\"@type\":\"Organization\",\"@id\":\"https:\\\/\\\/antojosfit.es\\\/#organization\",\"name\":\"Antojosfit\",\"alternateName\":\"Antojosfit\",\"url\":\"https:\\\/\\\/antojosfit.es\\\/\",\"logo\":{\"@type\":\"ImageObject\",\"inLanguage\":\"es\",\"@id\":\"https:\\\/\\\/antojosfit.es\\\/#\\\/schema\\\/logo\\\/image\\\/\",\"url\":\"https:\\\/\\\/antojosfit.es\\\/wp-content\\\/uploads\\\/2024\\\/11\\\/image_resized_512x512.png\",\"contentUrl\":\"https:\\\/\\\/antojosfit.es\\\/wp-content\\\/uploads\\\/2024\\\/11\\\/image_resized_512x512.png\",\"width\":512,\"height\":512,\"caption\":\"Antojosfit\"},\"image\":{\"@id\":\"https:\\\/\\\/antojosfit.es\\\/#\\\/schema\\\/logo\\\/image\\\/\"},\"sameAs\":[\"https:\\\/\\\/www.facebook.com\\\/antojosfit.es\"]}]}<\/script>\n<!-- \/ Yoast SEO plugin. -->","yoast_head_json":{"title":"Caja Regalo \"Chocolate Lover\" - Antojosfit","description":"La caja ideal para quienes disfrutan del chocolate. Cinco delicias con distintos tipos de chocolate, sin az\u00facares a\u00f1adidos ni harinas refinadas.","robots":{"index":"index","follow":"follow","max-snippet":"max-snippet:-1","max-image-preview":"max-image-preview:large","max-video-preview":"max-video-preview:-1"},"canonical":"https:\/\/antojosfit.es\/es\/producto\/caja-regalo-chocolate-lover\/","og_locale":"es_ES","og_type":"article","og_title":"Caja Regalo \"Chocolate Lover\" - Antojosfit","og_description":"La caja ideal para quienes disfrutan del chocolate. Cinco delicias con distintos tipos de chocolate, sin az\u00facares a\u00f1adidos ni harinas refinadas.","og_url":"https:\/\/antojosfit.es\/es\/producto\/caja-regalo-chocolate-lover\/","og_site_name":"Antojosfit","article_publisher":"https:\/\/www.facebook.com\/antojosfit.es","article_modified_time":"2025-08-27T08:31:11+00:00","og_image":[{"width":1080,"height":1350,"url":"https:\/\/antojosfit.es\/wp-content\/uploads\/2024\/11\/DSCF0395-Photoroom.jpg","type":"image\/jpeg"}],"twitter_card":"summary_large_image","twitter_misc":{"Tiempo de lectura":"1 minuto"},"schema":{"@context":"https:\/\/schema.org","@graph":[{"@type":"WebPage","@id":"https:\/\/antojosfit.es\/es\/producto\/caja-regalo-chocolate-lover\/","url":"https:\/\/antojosfit.es\/es\/producto\/caja-regalo-chocolate-lover\/","name":"Caja Regalo \"Chocolate Lover\" - Antojosfit","isPartOf":{"@id":"https:\/\/antojosfit.es\/#website"},"primaryImageOfPage":{"@id":"https:\/\/antojosfit.es\/es\/producto\/caja-regalo-chocolate-lover\/#primaryimage"},"image":{"@id":"https:\/\/antojosfit.es\/es\/producto\/caja-regalo-chocolate-lover\/#primaryimage"},"thumbnailUrl":"https:\/\/antojosfit.es\/wp-content\/uploads\/2024\/11\/DSCF0395-Photoroom.jpg","datePublished":"2025-08-06T15:14:14+00:00","dateModified":"2025-08-27T08:31:11+00:00","description":"La caja ideal para quienes disfrutan del chocolate. Cinco delicias con distintos tipos de chocolate, sin az\u00facares a\u00f1adidos ni harinas refinadas.","breadcrumb":{"@id":"https:\/\/antojosfit.es\/es\/producto\/caja-regalo-chocolate-lover\/#breadcrumb"},"inLanguage":"es","potentialAction":[{"@type":"ReadAction","target":["https:\/\/antojosfit.es\/es\/producto\/caja-regalo-chocolate-lover\/"]}]},{"@type":"ImageObject","inLanguage":"es","@id":"https:\/\/antojosfit.es\/es\/producto\/caja-regalo-chocolate-lover\/#primaryimage","url":"https:\/\/antojosfit.es\/wp-content\/uploads\/2024\/11\/DSCF0395-Photoroom.jpg","contentUrl":"https:\/\/antojosfit.es\/wp-content\/uploads\/2024\/11\/DSCF0395-Photoroom.jpg","width":1080,"height":1350},{"@type":"BreadcrumbList","@id":"https:\/\/antojosfit.es\/es\/producto\/caja-regalo-chocolate-lover\/#breadcrumb","itemListElement":[{"@type":"ListItem","position":1,"name":"Portada","item":"https:\/\/antojosfit.es\/"},{"@type":"ListItem","position":2,"name":"Products","item":"https:\/\/antojosfit.es\/shop\/"},{"@type":"ListItem","position":3,"name":"Caja Regalo &#8220;Chocolate Lover&#8221;"}]},{"@type":"WebSite","@id":"https:\/\/antojosfit.es\/#website","url":"https:\/\/antojosfit.es\/","name":"Antojosfit","description":"Pasteler\u00eda y reposter\u00eda saludable en Madrid","publisher":{"@id":"https:\/\/antojosfit.es\/#organization"},"alternateName":"Antojosfit","potentialAction":[{"@type":"SearchAction","target":{"@type":"EntryPoint","urlTemplate":"https:\/\/antojosfit.es\/?s={search_term_string}"},"query-input":{"@type":"PropertyValueSpecification","valueRequired":true,"valueName":"search_term_string"}}],"inLanguage":"es"},{"@type":"Organization","@id":"https:\/\/antojosfit.es\/#organization","name":"Antojosfit","alternateName":"Antojosfit","url":"https:\/\/antojosfit.es\/","logo":{"@type":"ImageObject","inLanguage":"es","@id":"https:\/\/antojosfit.es\/#\/schema\/logo\/image\/","url":"https:\/\/antojosfit.es\/wp-content\/uploads\/2024\/11\/image_resized_512x512.png","contentUrl":"https:\/\/antojosfit.es\/wp-content\/uploads\/2024\/11\/image_resized_512x512.png","width":512,"height":512,"caption":"Antojosfit"},"image":{"@id":"https:\/\/antojosfit.es\/#\/schema\/logo\/image\/"},"sameAs":["https:\/\/www.facebook.com\/antojosfit.es"]}]}},"jetpack_sharing_enabled":true,"_links":{"self":[{"href":"https:\/\/antojosfit.es\/es\/wp-json\/wp\/v2\/product\/1753","targetHints":{"allow":["GET"]}}],"collection":[{"href":"https:\/\/antojosfit.es\/es\/wp-json\/wp\/v2\/product"}],"about":[{"href":"https:\/\/antojosfit.es\/es\/wp-json\/wp\/v2\/types\/product"}],"replies":[{"embeddable":true,"href":"https:\/\/antojosfit.es\/es\/wp-json\/wp\/v2\/comments?post=1753"}],"version-history":[{"count":1,"href":"https:\/\/antojosfit.es\/es\/wp-json\/wp\/v2\/product\/1753\/revisions"}],"predecessor-version":[{"id":1754,"href":"https:\/\/antojosfit.es\/es\/wp-json\/wp\/v2\/product\/1753\/revisions\/1754"}],"wp:featuredmedia":[{"embeddable":true,"href":"https:\/\/antojosfit.es\/es\/wp-json\/wp\/v2\/media\/1653"}],"wp:attachment":[{"href":"https:\/\/antojosfit.es\/es\/wp-json\/wp\/v2\/media?parent=1753"}],"wp:term":[{"taxonomy":"product_brand","embeddable":true,"href":"https:\/\/antojosfit.es\/es\/wp-json\/wp\/v2\/product_brand?post=1753"},{"taxonomy":"product_cat","embeddable":true,"href":"https:\/\/antojosfit.es\/es\/wp-json\/wp\/v2\/product_cat?post=1753"},{"taxonomy":"product_tag","embeddable":true,"href":"https:\/\/antojosfit.es\/es\/wp-json\/wp\/v2\/product_tag?post=1753"}],"curies":[{"name":"wp","href":"https:\/\/api.w.org\/{rel}","templated":true}]}}