{"id":1449,"date":"2024-12-09T12:22:49","date_gmt":"2024-12-09T11:22:49","guid":{"rendered":"https:\/\/antojosfit.es\/?post_type=product&#038;p=1449"},"modified":"2025-12-04T19:02:56","modified_gmt":"2025-12-04T18:02:56","slug":"personaliza-tu-tarta","status":"publish","type":"product","link":"https:\/\/antojosfit.es\/es\/producto\/personaliza-tu-tarta\/","title":{"rendered":"Personaliza tu Tarta (Solo para recoger en tienda)"},"content":{"rendered":"<p data-start=\"464\" data-end=\"677\">En <strong data-start=\"467\" data-end=\"491\">Personaliza tu Tarta<\/strong>, te damos la opci\u00f3n de crear una <strong data-start=\"525\" data-end=\"567\">tarta saludable totalmente a tu medida<\/strong>, eligiendo entre nuestros sabores m\u00e1s queridos, rellenos ligeros, coberturas naturales y toppings sin az\u00facar.<\/p>\n<p data-start=\"679\" data-end=\"1015\">Desde un cumplea\u00f1os hasta un aniversario, esta opci\u00f3n es perfecta para cualquier ocasi\u00f3n especial. T\u00fa decides el sabor del bizcocho o base, el tipo de crema o relleno y el acabado final. Nosotros nos encargamos de que cada detalle sea perfecto y saludable.<\/p>\n<p data-start=\"1017\" data-end=\"1359\">A diferencia de una tarta de queso tradicional o de las tartas industriales con mantequillas, az\u00facares refinados y harinas blancas, en <strong data-start=\"1152\" data-end=\"1167\">Antojos Fit<\/strong> todas nuestras creaciones se preparan con <strong data-start=\"1210\" data-end=\"1277\">ingredientes naturales, sin harinas refinadas ni az\u00facar a\u00f1adido<\/strong>, y siempre con un toque especial para que puedas cuidarte sin renunciar al sabor.<\/p>\n<p data-start=\"1361\" data-end=\"1669\">\ud83d\udca1 Recuerda que este servicio est\u00e1 disponible <strong data-start=\"1407\" data-end=\"1439\">solo para recogida en tienda<\/strong> en Madrid.<\/p>\n<p data-start=\"1671\" data-end=\"1847\">Haz tu tarta tan \u00fanica como t\u00fa. Personal\u00edzala con tus sabores favoritos, elige el estilo que m\u00e1s te represente y deja que tu pr\u00f3xima celebraci\u00f3n tenga el sabor de lo saludable.<\/p>","protected":false},"excerpt":{"rendered":"<p>\u00a1Haz tu tarta tan \u00fanica como t\u00fa! Elige tus sabores, toppings y el estilo perfecto para cada ocasi\u00f3n especial.<\/p>","protected":false},"featured_media":1729,"comment_status":"open","ping_status":"closed","template":"","meta":{"_joinchat":[]},"product_brand":[],"product_cat":[75,74],"product_tag":[],"class_list":{"0":"post-1449","1":"product","2":"type-product","3":"status-publish","4":"has-post-thumbnail","6":"product_cat-cheesecakes","7":"product_cat-tartas","9":"first","10":"instock","11":"taxable","12":"shipping-taxable","13":"purchasable","14":"product-type-simple"},"yoast_head":"<!-- This site is optimized with the Yoast SEO plugin v27.5 - https:\/\/yoast.com\/product\/yoast-seo-wordpress\/ -->\n<title>Personaliza tu Tarta (Solo para recoger en tienda) - Antojosfit<\/title>\n<meta name=\"description\" content=\"Personaliza tu tarta saludable con Antojos Fit. Elige opciones sin lactosa, sin cereal, veganas o proteicas. Dise\u00f1os \u00fanicos para momentos especiales.\" \/>\n<meta name=\"robots\" content=\"index, follow, max-snippet:-1, max-image-preview:large, max-video-preview:-1\" \/>\n<link rel=\"canonical\" href=\"https:\/\/antojosfit.es\/es\/producto\/personaliza-tu-tarta\/\" \/>\n<meta property=\"og:locale\" content=\"es_ES\" \/>\n<meta property=\"og:type\" content=\"article\" \/>\n<meta property=\"og:title\" content=\"Personaliza tu Tarta (Solo para recoger en tienda) - Antojosfit\" \/>\n<meta property=\"og:description\" content=\"Personaliza tu tarta saludable con Antojos Fit. Elige opciones sin lactosa, sin cereal, veganas o proteicas. Dise\u00f1os \u00fanicos para momentos especiales.\" \/>\n<meta property=\"og:url\" content=\"https:\/\/antojosfit.es\/es\/producto\/personaliza-tu-tarta\/\" \/>\n<meta property=\"og:site_name\" content=\"Antojosfit\" \/>\n<meta property=\"article:publisher\" content=\"https:\/\/www.facebook.com\/antojosfit.es\" \/>\n<meta property=\"article:modified_time\" content=\"2025-12-04T18:02:56+00:00\" \/>\n<meta property=\"og:image\" content=\"https:\/\/antojosfit.es\/wp-content\/uploads\/2024\/12\/DSCF0063.jpg\" \/>\n\t<meta property=\"og:image:width\" content=\"1080\" \/>\n\t<meta property=\"og:image:height\" content=\"1920\" \/>\n\t<meta property=\"og:image:type\" content=\"image\/jpeg\" \/>\n<meta name=\"twitter:card\" content=\"summary_large_image\" \/>\n<meta name=\"twitter:label1\" content=\"Tiempo de lectura\" \/>\n\t<meta name=\"twitter:data1\" content=\"1 minuto\" \/>\n<script type=\"application\/ld+json\" class=\"yoast-schema-graph\">{\"@context\":\"https:\\\/\\\/schema.org\",\"@graph\":[{\"@type\":\"WebPage\",\"@id\":\"https:\\\/\\\/antojosfit.es\\\/producto\\\/personaliza-tu-tarta\\\/\",\"url\":\"https:\\\/\\\/antojosfit.es\\\/producto\\\/personaliza-tu-tarta\\\/\",\"name\":\"Personaliza tu Tarta (Solo para recoger en tienda) - Antojosfit\",\"isPartOf\":{\"@id\":\"https:\\\/\\\/antojosfit.es\\\/#website\"},\"primaryImageOfPage\":{\"@id\":\"https:\\\/\\\/antojosfit.es\\\/producto\\\/personaliza-tu-tarta\\\/#primaryimage\"},\"image\":{\"@id\":\"https:\\\/\\\/antojosfit.es\\\/producto\\\/personaliza-tu-tarta\\\/#primaryimage\"},\"thumbnailUrl\":\"https:\\\/\\\/antojosfit.es\\\/wp-content\\\/uploads\\\/2024\\\/12\\\/DSCF0063.jpg\",\"datePublished\":\"2024-12-09T11:22:49+00:00\",\"dateModified\":\"2025-12-04T18:02:56+00:00\",\"description\":\"Personaliza tu tarta saludable con Antojos Fit. Elige opciones sin lactosa, sin cereal, veganas o proteicas. Dise\u00f1os \u00fanicos para momentos especiales.\",\"breadcrumb\":{\"@id\":\"https:\\\/\\\/antojosfit.es\\\/producto\\\/personaliza-tu-tarta\\\/#breadcrumb\"},\"inLanguage\":\"es\",\"potentialAction\":[{\"@type\":\"ReadAction\",\"target\":[\"https:\\\/\\\/antojosfit.es\\\/producto\\\/personaliza-tu-tarta\\\/\"]}]},{\"@type\":\"ImageObject\",\"inLanguage\":\"es\",\"@id\":\"https:\\\/\\\/antojosfit.es\\\/producto\\\/personaliza-tu-tarta\\\/#primaryimage\",\"url\":\"https:\\\/\\\/antojosfit.es\\\/wp-content\\\/uploads\\\/2024\\\/12\\\/DSCF0063.jpg\",\"contentUrl\":\"https:\\\/\\\/antojosfit.es\\\/wp-content\\\/uploads\\\/2024\\\/12\\\/DSCF0063.jpg\",\"width\":1080,\"height\":1920},{\"@type\":\"BreadcrumbList\",\"@id\":\"https:\\\/\\\/antojosfit.es\\\/producto\\\/personaliza-tu-tarta\\\/#breadcrumb\",\"itemListElement\":[{\"@type\":\"ListItem\",\"position\":1,\"name\":\"Portada\",\"item\":\"https:\\\/\\\/antojosfit.es\\\/\"},{\"@type\":\"ListItem\",\"position\":2,\"name\":\"Products\",\"item\":\"https:\\\/\\\/antojosfit.es\\\/shop\\\/\"},{\"@type\":\"ListItem\",\"position\":3,\"name\":\"Personaliza tu Tarta (Solo para recoger en tienda)\"}]},{\"@type\":\"WebSite\",\"@id\":\"https:\\\/\\\/antojosfit.es\\\/#website\",\"url\":\"https:\\\/\\\/antojosfit.es\\\/\",\"name\":\"Antojosfit\",\"description\":\"Pasteler\u00eda y reposter\u00eda saludable en Madrid\",\"publisher\":{\"@id\":\"https:\\\/\\\/antojosfit.es\\\/#organization\"},\"alternateName\":\"Antojosfit\",\"potentialAction\":[{\"@type\":\"SearchAction\",\"target\":{\"@type\":\"EntryPoint\",\"urlTemplate\":\"https:\\\/\\\/antojosfit.es\\\/?s={search_term_string}\"},\"query-input\":{\"@type\":\"PropertyValueSpecification\",\"valueRequired\":true,\"valueName\":\"search_term_string\"}}],\"inLanguage\":\"es\"},{\"@type\":\"Organization\",\"@id\":\"https:\\\/\\\/antojosfit.es\\\/#organization\",\"name\":\"Antojosfit\",\"alternateName\":\"Antojosfit\",\"url\":\"https:\\\/\\\/antojosfit.es\\\/\",\"logo\":{\"@type\":\"ImageObject\",\"inLanguage\":\"es\",\"@id\":\"https:\\\/\\\/antojosfit.es\\\/#\\\/schema\\\/logo\\\/image\\\/\",\"url\":\"https:\\\/\\\/antojosfit.es\\\/wp-content\\\/uploads\\\/2024\\\/11\\\/image_resized_512x512.png\",\"contentUrl\":\"https:\\\/\\\/antojosfit.es\\\/wp-content\\\/uploads\\\/2024\\\/11\\\/image_resized_512x512.png\",\"width\":512,\"height\":512,\"caption\":\"Antojosfit\"},\"image\":{\"@id\":\"https:\\\/\\\/antojosfit.es\\\/#\\\/schema\\\/logo\\\/image\\\/\"},\"sameAs\":[\"https:\\\/\\\/www.facebook.com\\\/antojosfit.es\"]}]}<\/script>\n<!-- \/ Yoast SEO plugin. -->","yoast_head_json":{"title":"Personaliza tu Tarta (Solo para recoger en tienda) - Antojosfit","description":"Personaliza tu tarta saludable con Antojos Fit. Elige opciones sin lactosa, sin cereal, veganas o proteicas. Dise\u00f1os \u00fanicos para momentos especiales.","robots":{"index":"index","follow":"follow","max-snippet":"max-snippet:-1","max-image-preview":"max-image-preview:large","max-video-preview":"max-video-preview:-1"},"canonical":"https:\/\/antojosfit.es\/es\/producto\/personaliza-tu-tarta\/","og_locale":"es_ES","og_type":"article","og_title":"Personaliza tu Tarta (Solo para recoger en tienda) - Antojosfit","og_description":"Personaliza tu tarta saludable con Antojos Fit. Elige opciones sin lactosa, sin cereal, veganas o proteicas. Dise\u00f1os \u00fanicos para momentos especiales.","og_url":"https:\/\/antojosfit.es\/es\/producto\/personaliza-tu-tarta\/","og_site_name":"Antojosfit","article_publisher":"https:\/\/www.facebook.com\/antojosfit.es","article_modified_time":"2025-12-04T18:02:56+00:00","og_image":[{"width":1080,"height":1920,"url":"https:\/\/antojosfit.es\/wp-content\/uploads\/2024\/12\/DSCF0063.jpg","type":"image\/jpeg"}],"twitter_card":"summary_large_image","twitter_misc":{"Tiempo de lectura":"1 minuto"},"schema":{"@context":"https:\/\/schema.org","@graph":[{"@type":"WebPage","@id":"https:\/\/antojosfit.es\/producto\/personaliza-tu-tarta\/","url":"https:\/\/antojosfit.es\/producto\/personaliza-tu-tarta\/","name":"Personaliza tu Tarta (Solo para recoger en tienda) - Antojosfit","isPartOf":{"@id":"https:\/\/antojosfit.es\/#website"},"primaryImageOfPage":{"@id":"https:\/\/antojosfit.es\/producto\/personaliza-tu-tarta\/#primaryimage"},"image":{"@id":"https:\/\/antojosfit.es\/producto\/personaliza-tu-tarta\/#primaryimage"},"thumbnailUrl":"https:\/\/antojosfit.es\/wp-content\/uploads\/2024\/12\/DSCF0063.jpg","datePublished":"2024-12-09T11:22:49+00:00","dateModified":"2025-12-04T18:02:56+00:00","description":"Personaliza tu tarta saludable con Antojos Fit. Elige opciones sin lactosa, sin cereal, veganas o proteicas. Dise\u00f1os \u00fanicos para momentos especiales.","breadcrumb":{"@id":"https:\/\/antojosfit.es\/producto\/personaliza-tu-tarta\/#breadcrumb"},"inLanguage":"es","potentialAction":[{"@type":"ReadAction","target":["https:\/\/antojosfit.es\/producto\/personaliza-tu-tarta\/"]}]},{"@type":"ImageObject","inLanguage":"es","@id":"https:\/\/antojosfit.es\/producto\/personaliza-tu-tarta\/#primaryimage","url":"https:\/\/antojosfit.es\/wp-content\/uploads\/2024\/12\/DSCF0063.jpg","contentUrl":"https:\/\/antojosfit.es\/wp-content\/uploads\/2024\/12\/DSCF0063.jpg","width":1080,"height":1920},{"@type":"BreadcrumbList","@id":"https:\/\/antojosfit.es\/producto\/personaliza-tu-tarta\/#breadcrumb","itemListElement":[{"@type":"ListItem","position":1,"name":"Portada","item":"https:\/\/antojosfit.es\/"},{"@type":"ListItem","position":2,"name":"Products","item":"https:\/\/antojosfit.es\/shop\/"},{"@type":"ListItem","position":3,"name":"Personaliza tu Tarta (Solo para recoger en tienda)"}]},{"@type":"WebSite","@id":"https:\/\/antojosfit.es\/#website","url":"https:\/\/antojosfit.es\/","name":"Antojosfit","description":"Pasteler\u00eda y reposter\u00eda saludable en Madrid","publisher":{"@id":"https:\/\/antojosfit.es\/#organization"},"alternateName":"Antojosfit","potentialAction":[{"@type":"SearchAction","target":{"@type":"EntryPoint","urlTemplate":"https:\/\/antojosfit.es\/?s={search_term_string}"},"query-input":{"@type":"PropertyValueSpecification","valueRequired":true,"valueName":"search_term_string"}}],"inLanguage":"es"},{"@type":"Organization","@id":"https:\/\/antojosfit.es\/#organization","name":"Antojosfit","alternateName":"Antojosfit","url":"https:\/\/antojosfit.es\/","logo":{"@type":"ImageObject","inLanguage":"es","@id":"https:\/\/antojosfit.es\/#\/schema\/logo\/image\/","url":"https:\/\/antojosfit.es\/wp-content\/uploads\/2024\/11\/image_resized_512x512.png","contentUrl":"https:\/\/antojosfit.es\/wp-content\/uploads\/2024\/11\/image_resized_512x512.png","width":512,"height":512,"caption":"Antojosfit"},"image":{"@id":"https:\/\/antojosfit.es\/#\/schema\/logo\/image\/"},"sameAs":["https:\/\/www.facebook.com\/antojosfit.es"]}]}},"jetpack_sharing_enabled":true,"_links":{"self":[{"href":"https:\/\/antojosfit.es\/es\/wp-json\/wp\/v2\/product\/1449","targetHints":{"allow":["GET"]}}],"collection":[{"href":"https:\/\/antojosfit.es\/es\/wp-json\/wp\/v2\/product"}],"about":[{"href":"https:\/\/antojosfit.es\/es\/wp-json\/wp\/v2\/types\/product"}],"replies":[{"embeddable":true,"href":"https:\/\/antojosfit.es\/es\/wp-json\/wp\/v2\/comments?post=1449"}],"version-history":[{"count":5,"href":"https:\/\/antojosfit.es\/es\/wp-json\/wp\/v2\/product\/1449\/revisions"}],"predecessor-version":[{"id":2917,"href":"https:\/\/antojosfit.es\/es\/wp-json\/wp\/v2\/product\/1449\/revisions\/2917"}],"wp:featuredmedia":[{"embeddable":true,"href":"https:\/\/antojosfit.es\/es\/wp-json\/wp\/v2\/media\/1729"}],"wp:attachment":[{"href":"https:\/\/antojosfit.es\/es\/wp-json\/wp\/v2\/media?parent=1449"}],"wp:term":[{"taxonomy":"product_brand","embeddable":true,"href":"https:\/\/antojosfit.es\/es\/wp-json\/wp\/v2\/product_brand?post=1449"},{"taxonomy":"product_cat","embeddable":true,"href":"https:\/\/antojosfit.es\/es\/wp-json\/wp\/v2\/product_cat?post=1449"},{"taxonomy":"product_tag","embeddable":true,"href":"https:\/\/antojosfit.es\/es\/wp-json\/wp\/v2\/product_tag?post=1449"}],"curies":[{"name":"wp","href":"https:\/\/api.w.org\/{rel}","templated":true}]}}