{"id":1082,"date":"2024-11-07T12:51:17","date_gmt":"2024-11-07T11:51:17","guid":{"rendered":"https:\/\/antojosfit.es\/?post_type=product&#038;p=1082"},"modified":"2026-02-02T20:11:00","modified_gmt":"2026-02-02T19:11:00","slug":"caja-donuts-de-avena-9-uds","status":"publish","type":"product","link":"https:\/\/antojosfit.es\/es\/producto\/caja-donuts-de-avena-9-uds\/","title":{"rendered":"Caja de Donuts de Avena"},"content":{"rendered":"<p>Prueba nuestros donuts de avena, una versi\u00f3n saludable de los cl\u00e1sicos donuts, hechos con harina de avena y de almendras, que aportan fibra y nutrientes. Cubiertos con una deliciosa capa de chocolate sin az\u00facares a\u00f1adidos, son el capricho perfecto sin remordimientos. Adem\u00e1s, puedes disfrutarlos en dos versiones: sin relleno o con un relleno suave y cremoso que potencia su sabor. Cada bocado es esponjoso, ligero y lleno de sabor. Disponibles en varias combinaciones, son ideales para quienes buscan disfrutar sin salir de una dieta equilibrada.<\/p>","protected":false},"excerpt":{"rendered":"<p>Nuestros donuts de avena, cubiertos de chocolate sin az\u00facares a\u00f1adidos, est\u00e1n disponibles con o sin relleno. \u00a1Una opci\u00f3n saludable y deliciosa para cualquier momento del d\u00eda! \u00a1Nuestro producto m\u00e1s aclamado por los ni\u00f1os!<\/p>\n<ul>\n<li>Pueden contener trazas de s\u00e9samo<\/li>\n<\/ul>","protected":false},"featured_media":1655,"comment_status":"open","ping_status":"closed","template":"","meta":{"_joinchat":[]},"product_brand":[],"product_cat":[71],"product_tag":[],"class_list":{"0":"post-1082","1":"product","2":"type-product","3":"status-publish","4":"has-post-thumbnail","6":"product_cat-donuts","8":"first","9":"instock","10":"taxable","11":"shipping-taxable","12":"purchasable","13":"product-type-simple"},"yoast_head":"<!-- This site is optimized with the Yoast SEO plugin v27.5 - https:\/\/yoast.com\/product\/yoast-seo-wordpress\/ -->\n<title>Caja de Donuts de Avena - Antojosfit<\/title>\n<meta name=\"description\" content=\"Caja de 9 donuts de avena de Antojos Fit: saludables, sin lactosa, sin cereal y ricos en prote\u00edna. Ideal para un antojo dulce y nutritivo.\" \/>\n<meta name=\"robots\" content=\"index, follow, max-snippet:-1, max-image-preview:large, max-video-preview:-1\" \/>\n<link rel=\"canonical\" href=\"https:\/\/antojosfit.es\/es\/producto\/caja-donuts-de-avena-9-uds\/\" \/>\n<meta property=\"og:locale\" content=\"es_ES\" \/>\n<meta property=\"og:type\" content=\"article\" \/>\n<meta property=\"og:title\" content=\"Caja de Donuts de Avena - Antojosfit\" \/>\n<meta property=\"og:description\" content=\"Caja de 9 donuts de avena de Antojos Fit: saludables, sin lactosa, sin cereal y ricos en prote\u00edna. Ideal para un antojo dulce y nutritivo.\" \/>\n<meta property=\"og:url\" content=\"https:\/\/antojosfit.es\/es\/producto\/caja-donuts-de-avena-9-uds\/\" \/>\n<meta property=\"og:site_name\" content=\"Antojosfit\" \/>\n<meta property=\"article:publisher\" content=\"https:\/\/www.facebook.com\/antojosfit.es\" \/>\n<meta property=\"article:modified_time\" content=\"2026-02-02T19:11:00+00:00\" \/>\n<meta property=\"og:image\" content=\"https:\/\/antojosfit.es\/wp-content\/uploads\/2024\/11\/DSCF0405-Photoroom.jpg\" \/>\n\t<meta property=\"og:image:width\" content=\"1080\" \/>\n\t<meta property=\"og:image:height\" content=\"1350\" \/>\n\t<meta property=\"og:image:type\" content=\"image\/jpeg\" \/>\n<meta name=\"twitter:card\" content=\"summary_large_image\" \/>\n<meta name=\"twitter:label1\" content=\"Tiempo de lectura\" \/>\n\t<meta name=\"twitter:data1\" content=\"1 minuto\" \/>\n<script type=\"application\/ld+json\" class=\"yoast-schema-graph\">{\"@context\":\"https:\\\/\\\/schema.org\",\"@graph\":[{\"@type\":\"WebPage\",\"@id\":\"https:\\\/\\\/antojosfit.es\\\/producto\\\/caja-donuts-de-avena-9-uds\\\/\",\"url\":\"https:\\\/\\\/antojosfit.es\\\/producto\\\/caja-donuts-de-avena-9-uds\\\/\",\"name\":\"Caja de Donuts de Avena - Antojosfit\",\"isPartOf\":{\"@id\":\"https:\\\/\\\/antojosfit.es\\\/#website\"},\"primaryImageOfPage\":{\"@id\":\"https:\\\/\\\/antojosfit.es\\\/producto\\\/caja-donuts-de-avena-9-uds\\\/#primaryimage\"},\"image\":{\"@id\":\"https:\\\/\\\/antojosfit.es\\\/producto\\\/caja-donuts-de-avena-9-uds\\\/#primaryimage\"},\"thumbnailUrl\":\"https:\\\/\\\/antojosfit.es\\\/wp-content\\\/uploads\\\/2024\\\/11\\\/DSCF0405-Photoroom.jpg\",\"datePublished\":\"2024-11-07T11:51:17+00:00\",\"dateModified\":\"2026-02-02T19:11:00+00:00\",\"description\":\"Caja de 9 donuts de avena de Antojos Fit: saludables, sin lactosa, sin cereal y ricos en prote\u00edna. Ideal para un antojo dulce y nutritivo.\",\"breadcrumb\":{\"@id\":\"https:\\\/\\\/antojosfit.es\\\/producto\\\/caja-donuts-de-avena-9-uds\\\/#breadcrumb\"},\"inLanguage\":\"es\",\"potentialAction\":[{\"@type\":\"ReadAction\",\"target\":[\"https:\\\/\\\/antojosfit.es\\\/producto\\\/caja-donuts-de-avena-9-uds\\\/\"]}]},{\"@type\":\"ImageObject\",\"inLanguage\":\"es\",\"@id\":\"https:\\\/\\\/antojosfit.es\\\/producto\\\/caja-donuts-de-avena-9-uds\\\/#primaryimage\",\"url\":\"https:\\\/\\\/antojosfit.es\\\/wp-content\\\/uploads\\\/2024\\\/11\\\/DSCF0405-Photoroom.jpg\",\"contentUrl\":\"https:\\\/\\\/antojosfit.es\\\/wp-content\\\/uploads\\\/2024\\\/11\\\/DSCF0405-Photoroom.jpg\",\"width\":1080,\"height\":1350},{\"@type\":\"BreadcrumbList\",\"@id\":\"https:\\\/\\\/antojosfit.es\\\/producto\\\/caja-donuts-de-avena-9-uds\\\/#breadcrumb\",\"itemListElement\":[{\"@type\":\"ListItem\",\"position\":1,\"name\":\"Portada\",\"item\":\"https:\\\/\\\/antojosfit.es\\\/\"},{\"@type\":\"ListItem\",\"position\":2,\"name\":\"Products\",\"item\":\"https:\\\/\\\/antojosfit.es\\\/shop\\\/\"},{\"@type\":\"ListItem\",\"position\":3,\"name\":\"Caja de Donuts de Avena\"}]},{\"@type\":\"WebSite\",\"@id\":\"https:\\\/\\\/antojosfit.es\\\/#website\",\"url\":\"https:\\\/\\\/antojosfit.es\\\/\",\"name\":\"Antojosfit\",\"description\":\"Pasteler\u00eda y reposter\u00eda saludable en Madrid\",\"publisher\":{\"@id\":\"https:\\\/\\\/antojosfit.es\\\/#organization\"},\"alternateName\":\"Antojosfit\",\"potentialAction\":[{\"@type\":\"SearchAction\",\"target\":{\"@type\":\"EntryPoint\",\"urlTemplate\":\"https:\\\/\\\/antojosfit.es\\\/?s={search_term_string}\"},\"query-input\":{\"@type\":\"PropertyValueSpecification\",\"valueRequired\":true,\"valueName\":\"search_term_string\"}}],\"inLanguage\":\"es\"},{\"@type\":\"Organization\",\"@id\":\"https:\\\/\\\/antojosfit.es\\\/#organization\",\"name\":\"Antojosfit\",\"alternateName\":\"Antojosfit\",\"url\":\"https:\\\/\\\/antojosfit.es\\\/\",\"logo\":{\"@type\":\"ImageObject\",\"inLanguage\":\"es\",\"@id\":\"https:\\\/\\\/antojosfit.es\\\/#\\\/schema\\\/logo\\\/image\\\/\",\"url\":\"https:\\\/\\\/antojosfit.es\\\/wp-content\\\/uploads\\\/2024\\\/11\\\/image_resized_512x512.png\",\"contentUrl\":\"https:\\\/\\\/antojosfit.es\\\/wp-content\\\/uploads\\\/2024\\\/11\\\/image_resized_512x512.png\",\"width\":512,\"height\":512,\"caption\":\"Antojosfit\"},\"image\":{\"@id\":\"https:\\\/\\\/antojosfit.es\\\/#\\\/schema\\\/logo\\\/image\\\/\"},\"sameAs\":[\"https:\\\/\\\/www.facebook.com\\\/antojosfit.es\"]}]}<\/script>\n<!-- \/ Yoast SEO plugin. -->","yoast_head_json":{"title":"Caja de Donuts de Avena - Antojosfit","description":"Caja de 9 donuts de avena de Antojos Fit: saludables, sin lactosa, sin cereal y ricos en prote\u00edna. Ideal para un antojo dulce y nutritivo.","robots":{"index":"index","follow":"follow","max-snippet":"max-snippet:-1","max-image-preview":"max-image-preview:large","max-video-preview":"max-video-preview:-1"},"canonical":"https:\/\/antojosfit.es\/es\/producto\/caja-donuts-de-avena-9-uds\/","og_locale":"es_ES","og_type":"article","og_title":"Caja de Donuts de Avena - Antojosfit","og_description":"Caja de 9 donuts de avena de Antojos Fit: saludables, sin lactosa, sin cereal y ricos en prote\u00edna. Ideal para un antojo dulce y nutritivo.","og_url":"https:\/\/antojosfit.es\/es\/producto\/caja-donuts-de-avena-9-uds\/","og_site_name":"Antojosfit","article_publisher":"https:\/\/www.facebook.com\/antojosfit.es","article_modified_time":"2026-02-02T19:11:00+00:00","og_image":[{"width":1080,"height":1350,"url":"https:\/\/antojosfit.es\/wp-content\/uploads\/2024\/11\/DSCF0405-Photoroom.jpg","type":"image\/jpeg"}],"twitter_card":"summary_large_image","twitter_misc":{"Tiempo de lectura":"1 minuto"},"schema":{"@context":"https:\/\/schema.org","@graph":[{"@type":"WebPage","@id":"https:\/\/antojosfit.es\/producto\/caja-donuts-de-avena-9-uds\/","url":"https:\/\/antojosfit.es\/producto\/caja-donuts-de-avena-9-uds\/","name":"Caja de Donuts de Avena - Antojosfit","isPartOf":{"@id":"https:\/\/antojosfit.es\/#website"},"primaryImageOfPage":{"@id":"https:\/\/antojosfit.es\/producto\/caja-donuts-de-avena-9-uds\/#primaryimage"},"image":{"@id":"https:\/\/antojosfit.es\/producto\/caja-donuts-de-avena-9-uds\/#primaryimage"},"thumbnailUrl":"https:\/\/antojosfit.es\/wp-content\/uploads\/2024\/11\/DSCF0405-Photoroom.jpg","datePublished":"2024-11-07T11:51:17+00:00","dateModified":"2026-02-02T19:11:00+00:00","description":"Caja de 9 donuts de avena de Antojos Fit: saludables, sin lactosa, sin cereal y ricos en prote\u00edna. Ideal para un antojo dulce y nutritivo.","breadcrumb":{"@id":"https:\/\/antojosfit.es\/producto\/caja-donuts-de-avena-9-uds\/#breadcrumb"},"inLanguage":"es","potentialAction":[{"@type":"ReadAction","target":["https:\/\/antojosfit.es\/producto\/caja-donuts-de-avena-9-uds\/"]}]},{"@type":"ImageObject","inLanguage":"es","@id":"https:\/\/antojosfit.es\/producto\/caja-donuts-de-avena-9-uds\/#primaryimage","url":"https:\/\/antojosfit.es\/wp-content\/uploads\/2024\/11\/DSCF0405-Photoroom.jpg","contentUrl":"https:\/\/antojosfit.es\/wp-content\/uploads\/2024\/11\/DSCF0405-Photoroom.jpg","width":1080,"height":1350},{"@type":"BreadcrumbList","@id":"https:\/\/antojosfit.es\/producto\/caja-donuts-de-avena-9-uds\/#breadcrumb","itemListElement":[{"@type":"ListItem","position":1,"name":"Portada","item":"https:\/\/antojosfit.es\/"},{"@type":"ListItem","position":2,"name":"Products","item":"https:\/\/antojosfit.es\/shop\/"},{"@type":"ListItem","position":3,"name":"Caja de Donuts de Avena"}]},{"@type":"WebSite","@id":"https:\/\/antojosfit.es\/#website","url":"https:\/\/antojosfit.es\/","name":"Antojosfit","description":"Pasteler\u00eda y reposter\u00eda saludable en Madrid","publisher":{"@id":"https:\/\/antojosfit.es\/#organization"},"alternateName":"Antojosfit","potentialAction":[{"@type":"SearchAction","target":{"@type":"EntryPoint","urlTemplate":"https:\/\/antojosfit.es\/?s={search_term_string}"},"query-input":{"@type":"PropertyValueSpecification","valueRequired":true,"valueName":"search_term_string"}}],"inLanguage":"es"},{"@type":"Organization","@id":"https:\/\/antojosfit.es\/#organization","name":"Antojosfit","alternateName":"Antojosfit","url":"https:\/\/antojosfit.es\/","logo":{"@type":"ImageObject","inLanguage":"es","@id":"https:\/\/antojosfit.es\/#\/schema\/logo\/image\/","url":"https:\/\/antojosfit.es\/wp-content\/uploads\/2024\/11\/image_resized_512x512.png","contentUrl":"https:\/\/antojosfit.es\/wp-content\/uploads\/2024\/11\/image_resized_512x512.png","width":512,"height":512,"caption":"Antojosfit"},"image":{"@id":"https:\/\/antojosfit.es\/#\/schema\/logo\/image\/"},"sameAs":["https:\/\/www.facebook.com\/antojosfit.es"]}]}},"jetpack_sharing_enabled":true,"_links":{"self":[{"href":"https:\/\/antojosfit.es\/es\/wp-json\/wp\/v2\/product\/1082","targetHints":{"allow":["GET"]}}],"collection":[{"href":"https:\/\/antojosfit.es\/es\/wp-json\/wp\/v2\/product"}],"about":[{"href":"https:\/\/antojosfit.es\/es\/wp-json\/wp\/v2\/types\/product"}],"replies":[{"embeddable":true,"href":"https:\/\/antojosfit.es\/es\/wp-json\/wp\/v2\/comments?post=1082"}],"version-history":[{"count":4,"href":"https:\/\/antojosfit.es\/es\/wp-json\/wp\/v2\/product\/1082\/revisions"}],"predecessor-version":[{"id":1367,"href":"https:\/\/antojosfit.es\/es\/wp-json\/wp\/v2\/product\/1082\/revisions\/1367"}],"wp:featuredmedia":[{"embeddable":true,"href":"https:\/\/antojosfit.es\/es\/wp-json\/wp\/v2\/media\/1655"}],"wp:attachment":[{"href":"https:\/\/antojosfit.es\/es\/wp-json\/wp\/v2\/media?parent=1082"}],"wp:term":[{"taxonomy":"product_brand","embeddable":true,"href":"https:\/\/antojosfit.es\/es\/wp-json\/wp\/v2\/product_brand?post=1082"},{"taxonomy":"product_cat","embeddable":true,"href":"https:\/\/antojosfit.es\/es\/wp-json\/wp\/v2\/product_cat?post=1082"},{"taxonomy":"product_tag","embeddable":true,"href":"https:\/\/antojosfit.es\/es\/wp-json\/wp\/v2\/product_tag?post=1082"}],"curies":[{"name":"wp","href":"https:\/\/api.w.org\/{rel}","templated":true}]}}