{"id":1613,"date":"2025-07-14T22:10:06","date_gmt":"2025-07-14T20:10:06","guid":{"rendered":"https:\/\/antojosfit.es\/?page_id=1613"},"modified":"2025-10-30T00:57:58","modified_gmt":"2025-10-29T23:57:58","slug":"politica-de-envio","status":"publish","type":"page","link":"https:\/\/antojosfit.es\/es\/politica-de-envio\/","title":{"rendered":"Pol\u00edtica de env\u00edo"},"content":{"rendered":"<div data-elementor-type=\"wp-page\" data-elementor-id=\"1613\" class=\"elementor elementor-1613\">\n\t\t\t\t<div class=\"elementor-element elementor-element-72441de3 e-flex e-con-boxed wpr-particle-no wpr-jarallax-no wpr-parallax-no wpr-sticky-section-no wpr-equal-height-no e-con e-parent\" data-id=\"72441de3\" data-element_type=\"container\" data-e-type=\"container\">\n\t\t\t\t\t<div class=\"e-con-inner\">\n\t\t\t\t<div class=\"elementor-element elementor-element-49b7d99 elementor-widget elementor-widget-spacer\" data-id=\"49b7d99\" data-element_type=\"widget\" data-e-type=\"widget\" data-widget_type=\"spacer.default\">\n\t\t\t\t<div class=\"elementor-widget-container\">\n\t\t\t\t\t\t\t<div class=\"elementor-spacer\">\n\t\t\t<div class=\"elementor-spacer-inner\"><\/div>\n\t\t<\/div>\n\t\t\t\t\t\t<\/div>\n\t\t\t\t<\/div>\n\t\t\t\t<div class=\"elementor-element elementor-element-aa3e50c elementor-widget elementor-widget-heading\" data-id=\"aa3e50c\" data-element_type=\"widget\" data-e-type=\"widget\" data-widget_type=\"heading.default\">\n\t\t\t\t<div class=\"elementor-widget-container\">\n\t\t\t\t\t<h2 class=\"elementor-heading-title elementor-size-default\"><font color=\"#f28db2\" face=\"Josefin Sans, sans-serif\"><span style=\"font-size: 54px;font-weight: 300\">Pol\u00edtica de env\u00edo<\/span><\/font><\/h2>\t\t\t\t<\/div>\n\t\t\t\t<\/div>\n\t\t\t\t<div class=\"elementor-element elementor-element-ac55cf0 elementor-widget elementor-widget-text-editor\" data-id=\"ac55cf0\" data-element_type=\"widget\" data-e-type=\"widget\" data-widget_type=\"text-editor.default\">\n\t\t\t\t<div class=\"elementor-widget-container\">\n\t\t\t\t\t\t\t\t\t<ul>\n<li style=\"list-style-type: none;\">\n<ul><\/ul>\n<\/li>\n<\/ul>\n<h2>Zonas de entrega<\/h2>\n<ul>\n<li aria-level=\"1\">Realizamos env\u00edos a toda Espa\u00f1a peninsular y Portugal a trav\u00e9s de Seur Fr\u00edo.<\/li>\n<li aria-level=\"1\">Tambi\u00e9n ofrecemos entregas locales en Madrid bajo condiciones espec\u00edficas.<\/li>\n<\/ul>\n<h2>\u00a0<\/h2>\n<h2>Coste de env\u00edo<\/h2>\n<ul>\n<li aria-level=\"1\">El coste de env\u00edo se calcula autom\u00e1ticamente seg\u00fan destino y se indica durante el proceso de compra.<\/li>\n<li aria-level=\"1\">No ofrecemos env\u00edo gratuito.<\/li>\n<\/ul>\n<h2>\u00a0<\/h2>\n<h2>Plazos de entrega<\/h2>\n<ul>\n<li aria-level=\"1\">El tiempo estimado de entrega es de 48 a 72 horas desde el momento en que el pedido es recogido por la empresa de transporte.<\/li>\n<li aria-level=\"1\">Los productos se elaboran de forma artesanal bajo pedido, por lo que puede haber ligeras variaciones en los plazos seg\u00fan volumen de trabajo.<\/li>\n<\/ul>\n<h2>\u00a0<\/h2>\n<h2>Seguimiento del pedido<\/h2>\n<p>Una vez tu pedido est\u00e9 en manos de la empresa de transporte, recibir\u00e1s un enlace para su seguimiento por email o SMS.<\/p>\n<h2>\u00a0<\/h2>\n<p><\/p>\n<p><!-- \/wp:list --><!-- wp:paragraph --><\/p>\t\t\t\t\t\t\t\t<\/div>\n\t\t\t\t<\/div>\n\t\t\t\t<div class=\"elementor-element elementor-element-ebf0a75 elementor-widget elementor-widget-spacer\" data-id=\"ebf0a75\" data-element_type=\"widget\" data-e-type=\"widget\" data-widget_type=\"spacer.default\">\n\t\t\t\t<div class=\"elementor-widget-container\">\n\t\t\t\t\t\t\t<div class=\"elementor-spacer\">\n\t\t\t<div class=\"elementor-spacer-inner\"><\/div>\n\t\t<\/div>\n\t\t\t\t\t\t<\/div>\n\t\t\t\t<\/div>\n\t\t\t\t\t<\/div>\n\t\t\t\t<\/div>\n\t\t\t\t<\/div>","protected":false},"excerpt":{"rendered":"<p>Pol\u00edtica de env\u00edo<\/p>","protected":false},"author":1,"featured_media":0,"parent":0,"menu_order":0,"comment_status":"closed","ping_status":"open","template":"","meta":{"_joinchat":[],"footnotes":""},"class_list":["post-1613","page","type-page","status-publish","hentry"],"yoast_head":"<!-- This site is optimized with the Yoast SEO plugin v27.5 - https:\/\/yoast.com\/product\/yoast-seo-wordpress\/ -->\n<title>Pol\u00edtica de env\u00edo - Antojosfit<\/title>\n<meta name=\"robots\" content=\"noindex, nofollow\" \/>\n<meta property=\"og:locale\" content=\"es_ES\" \/>\n<meta property=\"og:type\" content=\"article\" \/>\n<meta property=\"og:title\" content=\"Pol\u00edtica de env\u00edo - Antojosfit\" \/>\n<meta property=\"og:description\" content=\"Pol\u00edtica de env\u00edo\" \/>\n<meta property=\"og:url\" content=\"https:\/\/antojosfit.es\/es\/politica-de-envio\/\" \/>\n<meta property=\"og:site_name\" content=\"Antojosfit\" \/>\n<meta property=\"article:publisher\" content=\"https:\/\/www.facebook.com\/antojosfit.es\" \/>\n<meta property=\"article:modified_time\" content=\"2025-10-29T23:57:58+00:00\" \/>\n<meta name=\"twitter:card\" content=\"summary_large_image\" \/>\n<meta name=\"twitter:label1\" content=\"Tiempo de lectura\" \/>\n\t<meta name=\"twitter:data1\" content=\"1 minuto\" \/>\n<script type=\"application\/ld+json\" class=\"yoast-schema-graph\">{\"@context\":\"https:\\\/\\\/schema.org\",\"@graph\":[{\"@type\":\"WebPage\",\"@id\":\"https:\\\/\\\/antojosfit.es\\\/politica-de-envio\\\/\",\"url\":\"https:\\\/\\\/antojosfit.es\\\/politica-de-envio\\\/\",\"name\":\"Pol\u00edtica de env\u00edo - Antojosfit\",\"isPartOf\":{\"@id\":\"https:\\\/\\\/antojosfit.es\\\/#website\"},\"datePublished\":\"2025-07-14T20:10:06+00:00\",\"dateModified\":\"2025-10-29T23:57:58+00:00\",\"breadcrumb\":{\"@id\":\"https:\\\/\\\/antojosfit.es\\\/politica-de-envio\\\/#breadcrumb\"},\"inLanguage\":\"es\",\"potentialAction\":[{\"@type\":\"ReadAction\",\"target\":[\"https:\\\/\\\/antojosfit.es\\\/politica-de-envio\\\/\"]}]},{\"@type\":\"BreadcrumbList\",\"@id\":\"https:\\\/\\\/antojosfit.es\\\/politica-de-envio\\\/#breadcrumb\",\"itemListElement\":[{\"@type\":\"ListItem\",\"position\":1,\"name\":\"Portada\",\"item\":\"https:\\\/\\\/antojosfit.es\\\/\"},{\"@type\":\"ListItem\",\"position\":2,\"name\":\"Pol\u00edtica de env\u00edo\"}]},{\"@type\":\"WebSite\",\"@id\":\"https:\\\/\\\/antojosfit.es\\\/#website\",\"url\":\"https:\\\/\\\/antojosfit.es\\\/\",\"name\":\"Antojosfit\",\"description\":\"Pasteler\u00eda y reposter\u00eda saludable en Madrid\",\"publisher\":{\"@id\":\"https:\\\/\\\/antojosfit.es\\\/#organization\"},\"alternateName\":\"Antojosfit\",\"potentialAction\":[{\"@type\":\"SearchAction\",\"target\":{\"@type\":\"EntryPoint\",\"urlTemplate\":\"https:\\\/\\\/antojosfit.es\\\/?s={search_term_string}\"},\"query-input\":{\"@type\":\"PropertyValueSpecification\",\"valueRequired\":true,\"valueName\":\"search_term_string\"}}],\"inLanguage\":\"es\"},{\"@type\":\"Organization\",\"@id\":\"https:\\\/\\\/antojosfit.es\\\/#organization\",\"name\":\"Antojosfit\",\"alternateName\":\"Antojosfit\",\"url\":\"https:\\\/\\\/antojosfit.es\\\/\",\"logo\":{\"@type\":\"ImageObject\",\"inLanguage\":\"es\",\"@id\":\"https:\\\/\\\/antojosfit.es\\\/#\\\/schema\\\/logo\\\/image\\\/\",\"url\":\"https:\\\/\\\/antojosfit.es\\\/wp-content\\\/uploads\\\/2024\\\/11\\\/image_resized_512x512.png\",\"contentUrl\":\"https:\\\/\\\/antojosfit.es\\\/wp-content\\\/uploads\\\/2024\\\/11\\\/image_resized_512x512.png\",\"width\":512,\"height\":512,\"caption\":\"Antojosfit\"},\"image\":{\"@id\":\"https:\\\/\\\/antojosfit.es\\\/#\\\/schema\\\/logo\\\/image\\\/\"},\"sameAs\":[\"https:\\\/\\\/www.facebook.com\\\/antojosfit.es\"]}]}<\/script>\n<!-- \/ Yoast SEO plugin. -->","yoast_head_json":{"title":"Pol\u00edtica de env\u00edo - Antojosfit","robots":{"index":"noindex","follow":"nofollow"},"og_locale":"es_ES","og_type":"article","og_title":"Pol\u00edtica de env\u00edo - Antojosfit","og_description":"Pol\u00edtica de env\u00edo","og_url":"https:\/\/antojosfit.es\/es\/politica-de-envio\/","og_site_name":"Antojosfit","article_publisher":"https:\/\/www.facebook.com\/antojosfit.es","article_modified_time":"2025-10-29T23:57:58+00:00","twitter_card":"summary_large_image","twitter_misc":{"Tiempo de lectura":"1 minuto"},"schema":{"@context":"https:\/\/schema.org","@graph":[{"@type":"WebPage","@id":"https:\/\/antojosfit.es\/politica-de-envio\/","url":"https:\/\/antojosfit.es\/politica-de-envio\/","name":"Pol\u00edtica de env\u00edo - Antojosfit","isPartOf":{"@id":"https:\/\/antojosfit.es\/#website"},"datePublished":"2025-07-14T20:10:06+00:00","dateModified":"2025-10-29T23:57:58+00:00","breadcrumb":{"@id":"https:\/\/antojosfit.es\/politica-de-envio\/#breadcrumb"},"inLanguage":"es","potentialAction":[{"@type":"ReadAction","target":["https:\/\/antojosfit.es\/politica-de-envio\/"]}]},{"@type":"BreadcrumbList","@id":"https:\/\/antojosfit.es\/politica-de-envio\/#breadcrumb","itemListElement":[{"@type":"ListItem","position":1,"name":"Portada","item":"https:\/\/antojosfit.es\/"},{"@type":"ListItem","position":2,"name":"Pol\u00edtica de env\u00edo"}]},{"@type":"WebSite","@id":"https:\/\/antojosfit.es\/#website","url":"https:\/\/antojosfit.es\/","name":"Antojosfit","description":"Pasteler\u00eda y reposter\u00eda saludable en Madrid","publisher":{"@id":"https:\/\/antojosfit.es\/#organization"},"alternateName":"Antojosfit","potentialAction":[{"@type":"SearchAction","target":{"@type":"EntryPoint","urlTemplate":"https:\/\/antojosfit.es\/?s={search_term_string}"},"query-input":{"@type":"PropertyValueSpecification","valueRequired":true,"valueName":"search_term_string"}}],"inLanguage":"es"},{"@type":"Organization","@id":"https:\/\/antojosfit.es\/#organization","name":"Antojosfit","alternateName":"Antojosfit","url":"https:\/\/antojosfit.es\/","logo":{"@type":"ImageObject","inLanguage":"es","@id":"https:\/\/antojosfit.es\/#\/schema\/logo\/image\/","url":"https:\/\/antojosfit.es\/wp-content\/uploads\/2024\/11\/image_resized_512x512.png","contentUrl":"https:\/\/antojosfit.es\/wp-content\/uploads\/2024\/11\/image_resized_512x512.png","width":512,"height":512,"caption":"Antojosfit"},"image":{"@id":"https:\/\/antojosfit.es\/#\/schema\/logo\/image\/"},"sameAs":["https:\/\/www.facebook.com\/antojosfit.es"]}]}},"jetpack_sharing_enabled":true,"_links":{"self":[{"href":"https:\/\/antojosfit.es\/es\/wp-json\/wp\/v2\/pages\/1613","targetHints":{"allow":["GET"]}}],"collection":[{"href":"https:\/\/antojosfit.es\/es\/wp-json\/wp\/v2\/pages"}],"about":[{"href":"https:\/\/antojosfit.es\/es\/wp-json\/wp\/v2\/types\/page"}],"author":[{"embeddable":true,"href":"https:\/\/antojosfit.es\/es\/wp-json\/wp\/v2\/users\/1"}],"replies":[{"embeddable":true,"href":"https:\/\/antojosfit.es\/es\/wp-json\/wp\/v2\/comments?post=1613"}],"version-history":[{"count":14,"href":"https:\/\/antojosfit.es\/es\/wp-json\/wp\/v2\/pages\/1613\/revisions"}],"predecessor-version":[{"id":2101,"href":"https:\/\/antojosfit.es\/es\/wp-json\/wp\/v2\/pages\/1613\/revisions\/2101"}],"wp:attachment":[{"href":"https:\/\/antojosfit.es\/es\/wp-json\/wp\/v2\/media?parent=1613"}],"curies":[{"name":"wp","href":"https:\/\/api.w.org\/{rel}","templated":true}]}}