{"id":1596,"date":"2025-07-14T19:11:26","date_gmt":"2025-07-14T17:11:26","guid":{"rendered":"https:\/\/antojosfit.es\/?page_id=1596"},"modified":"2025-10-30T00:53:23","modified_gmt":"2025-10-29T23:53:23","slug":"aviso-legal","status":"publish","type":"page","link":"https:\/\/antojosfit.es\/es\/aviso-legal\/","title":{"rendered":"Aviso Legal"},"content":{"rendered":"<div data-elementor-type=\"wp-page\" data-elementor-id=\"1596\" class=\"elementor elementor-1596\">\n\t\t\t\t<div class=\"elementor-element elementor-element-72441de3 e-flex e-con-boxed wpr-particle-no wpr-jarallax-no wpr-parallax-no wpr-sticky-section-no wpr-equal-height-no e-con e-parent\" data-id=\"72441de3\" data-element_type=\"container\" data-e-type=\"container\">\n\t\t\t\t\t<div class=\"e-con-inner\">\n\t\t\t\t<div class=\"elementor-element elementor-element-49b7d99 elementor-widget elementor-widget-spacer\" data-id=\"49b7d99\" data-element_type=\"widget\" data-e-type=\"widget\" data-widget_type=\"spacer.default\">\n\t\t\t\t<div class=\"elementor-widget-container\">\n\t\t\t\t\t\t\t<div class=\"elementor-spacer\">\n\t\t\t<div class=\"elementor-spacer-inner\"><\/div>\n\t\t<\/div>\n\t\t\t\t\t\t<\/div>\n\t\t\t\t<\/div>\n\t\t\t\t<div class=\"elementor-element elementor-element-aa3e50c elementor-widget elementor-widget-heading\" data-id=\"aa3e50c\" data-element_type=\"widget\" data-e-type=\"widget\" data-widget_type=\"heading.default\">\n\t\t\t\t<div class=\"elementor-widget-container\">\n\t\t\t\t\t<h2 class=\"elementor-heading-title elementor-size-default\"><font color=\"#f28db2\" face=\"Josefin Sans, sans-serif\"><span style=\"font-size: 54px;font-weight: 300\">Aviso Legal<\/span><\/font><\/h2>\t\t\t\t<\/div>\n\t\t\t\t<\/div>\n\t\t\t\t<div class=\"elementor-element elementor-element-ac55cf0 elementor-widget elementor-widget-text-editor\" data-id=\"ac55cf0\" data-element_type=\"widget\" data-e-type=\"widget\" data-widget_type=\"text-editor.default\">\n\t\t\t\t<div class=\"elementor-widget-container\">\n\t\t\t\t\t\t\t\t\t<ul class=\"wp-block-list\">\n<li style=\"list-style-type: none;\">\n<ul class=\"wp-block-list\"><\/ul>\n<\/li>\n<\/ul>\n<h2>Titularidad del sitio web<\/h2>\n<p>En cumplimiento del art\u00edculo 10 de la Ley 34\/2002, de Servicios de la Sociedad de la Informaci\u00f3n y de Comercio Electr\u00f3nico, se informa:<\/p>\n<ul>\n<li>Titular: Francesca Antonella Esposito Centeno<\/li>\n<li>Nombre comercial: Antojos Fit<\/li>\n<li>NIE: Y5374667H<\/li>\n<li>Domicilio fiscal: Calle de Jaime el Conquistador 27, Madrid<\/li>\n<li>Correo electr\u00f3nico: fantonellaesposito@gmail.com<\/li>\n<li>Sitio web: www.antojosfit.es<\/li>\n<li>Actividad: Pasteler\u00eda saludable y venta de productos alimenticios online y en tienda f\u00edsica.<\/li>\n<\/ul>\n<p>\u00a0<\/p>\n<h2>Propiedad intelectual<\/h2>\n<p>Todos los contenidos de este sitio web, incluidos textos, im\u00e1genes, logos y dise\u00f1os, son propiedad de Antojos Fit o cuentan con licencias legales para su uso. Queda prohibida su reproducci\u00f3n o distribuci\u00f3n sin autorizaci\u00f3n previa.<\/p>\n<h2>\u00a0<\/h2>\n<h2>Responsabilidad<\/h2>\n<p>El uso de esta web implica la aceptaci\u00f3n de este aviso legal. Antojos Fit no se hace responsable de posibles errores u omisiones en los contenidos ni de los da\u00f1os derivados del uso del sitio.<\/p>\n<p><\/p>\n<p><!-- \/wp:list --><!-- wp:paragraph --><\/p>\t\t\t\t\t\t\t\t<\/div>\n\t\t\t\t<\/div>\n\t\t\t\t<div class=\"elementor-element elementor-element-ebf0a75 elementor-widget elementor-widget-spacer\" data-id=\"ebf0a75\" data-element_type=\"widget\" data-e-type=\"widget\" data-widget_type=\"spacer.default\">\n\t\t\t\t<div class=\"elementor-widget-container\">\n\t\t\t\t\t\t\t<div class=\"elementor-spacer\">\n\t\t\t<div class=\"elementor-spacer-inner\"><\/div>\n\t\t<\/div>\n\t\t\t\t\t\t<\/div>\n\t\t\t\t<\/div>\n\t\t\t\t\t<\/div>\n\t\t\t\t<\/div>\n\t\t\t\t<\/div>","protected":false},"excerpt":{"rendered":"<p>Aviso Legal<\/p>","protected":false},"author":1,"featured_media":0,"parent":0,"menu_order":0,"comment_status":"closed","ping_status":"open","template":"","meta":{"_joinchat":[],"footnotes":""},"class_list":["post-1596","page","type-page","status-publish","hentry"],"yoast_head":"<!-- This site is optimized with the Yoast SEO plugin v27.5 - https:\/\/yoast.com\/product\/yoast-seo-wordpress\/ -->\n<title>Aviso Legal - Antojosfit<\/title>\n<meta name=\"robots\" content=\"noindex, nofollow\" \/>\n<meta property=\"og:locale\" content=\"es_ES\" \/>\n<meta property=\"og:type\" content=\"article\" \/>\n<meta property=\"og:title\" content=\"Aviso Legal - Antojosfit\" \/>\n<meta property=\"og:description\" content=\"Aviso Legal\" \/>\n<meta property=\"og:url\" content=\"https:\/\/antojosfit.es\/es\/aviso-legal\/\" \/>\n<meta property=\"og:site_name\" content=\"Antojosfit\" \/>\n<meta property=\"article:publisher\" content=\"https:\/\/www.facebook.com\/antojosfit.es\" \/>\n<meta property=\"article:modified_time\" content=\"2025-10-29T23:53:23+00:00\" \/>\n<meta name=\"twitter:card\" content=\"summary_large_image\" \/>\n<meta name=\"twitter:label1\" content=\"Tiempo de lectura\" \/>\n\t<meta name=\"twitter:data1\" content=\"1 minuto\" \/>\n<script type=\"application\/ld+json\" class=\"yoast-schema-graph\">{\"@context\":\"https:\\\/\\\/schema.org\",\"@graph\":[{\"@type\":\"WebPage\",\"@id\":\"https:\\\/\\\/antojosfit.es\\\/aviso-legal\\\/\",\"url\":\"https:\\\/\\\/antojosfit.es\\\/aviso-legal\\\/\",\"name\":\"Aviso Legal - Antojosfit\",\"isPartOf\":{\"@id\":\"https:\\\/\\\/antojosfit.es\\\/#website\"},\"datePublished\":\"2025-07-14T17:11:26+00:00\",\"dateModified\":\"2025-10-29T23:53:23+00:00\",\"breadcrumb\":{\"@id\":\"https:\\\/\\\/antojosfit.es\\\/aviso-legal\\\/#breadcrumb\"},\"inLanguage\":\"es\",\"potentialAction\":[{\"@type\":\"ReadAction\",\"target\":[\"https:\\\/\\\/antojosfit.es\\\/aviso-legal\\\/\"]}]},{\"@type\":\"BreadcrumbList\",\"@id\":\"https:\\\/\\\/antojosfit.es\\\/aviso-legal\\\/#breadcrumb\",\"itemListElement\":[{\"@type\":\"ListItem\",\"position\":1,\"name\":\"Portada\",\"item\":\"https:\\\/\\\/antojosfit.es\\\/\"},{\"@type\":\"ListItem\",\"position\":2,\"name\":\"Aviso Legal\"}]},{\"@type\":\"WebSite\",\"@id\":\"https:\\\/\\\/antojosfit.es\\\/#website\",\"url\":\"https:\\\/\\\/antojosfit.es\\\/\",\"name\":\"Antojosfit\",\"description\":\"Pasteler\u00eda y reposter\u00eda saludable en Madrid\",\"publisher\":{\"@id\":\"https:\\\/\\\/antojosfit.es\\\/#organization\"},\"alternateName\":\"Antojosfit\",\"potentialAction\":[{\"@type\":\"SearchAction\",\"target\":{\"@type\":\"EntryPoint\",\"urlTemplate\":\"https:\\\/\\\/antojosfit.es\\\/?s={search_term_string}\"},\"query-input\":{\"@type\":\"PropertyValueSpecification\",\"valueRequired\":true,\"valueName\":\"search_term_string\"}}],\"inLanguage\":\"es\"},{\"@type\":\"Organization\",\"@id\":\"https:\\\/\\\/antojosfit.es\\\/#organization\",\"name\":\"Antojosfit\",\"alternateName\":\"Antojosfit\",\"url\":\"https:\\\/\\\/antojosfit.es\\\/\",\"logo\":{\"@type\":\"ImageObject\",\"inLanguage\":\"es\",\"@id\":\"https:\\\/\\\/antojosfit.es\\\/#\\\/schema\\\/logo\\\/image\\\/\",\"url\":\"https:\\\/\\\/antojosfit.es\\\/wp-content\\\/uploads\\\/2024\\\/11\\\/image_resized_512x512.png\",\"contentUrl\":\"https:\\\/\\\/antojosfit.es\\\/wp-content\\\/uploads\\\/2024\\\/11\\\/image_resized_512x512.png\",\"width\":512,\"height\":512,\"caption\":\"Antojosfit\"},\"image\":{\"@id\":\"https:\\\/\\\/antojosfit.es\\\/#\\\/schema\\\/logo\\\/image\\\/\"},\"sameAs\":[\"https:\\\/\\\/www.facebook.com\\\/antojosfit.es\"]}]}<\/script>\n<!-- \/ Yoast SEO plugin. -->","yoast_head_json":{"title":"Aviso Legal - Antojosfit","robots":{"index":"noindex","follow":"nofollow"},"og_locale":"es_ES","og_type":"article","og_title":"Aviso Legal - Antojosfit","og_description":"Aviso Legal","og_url":"https:\/\/antojosfit.es\/es\/aviso-legal\/","og_site_name":"Antojosfit","article_publisher":"https:\/\/www.facebook.com\/antojosfit.es","article_modified_time":"2025-10-29T23:53:23+00:00","twitter_card":"summary_large_image","twitter_misc":{"Tiempo de lectura":"1 minuto"},"schema":{"@context":"https:\/\/schema.org","@graph":[{"@type":"WebPage","@id":"https:\/\/antojosfit.es\/aviso-legal\/","url":"https:\/\/antojosfit.es\/aviso-legal\/","name":"Aviso Legal - Antojosfit","isPartOf":{"@id":"https:\/\/antojosfit.es\/#website"},"datePublished":"2025-07-14T17:11:26+00:00","dateModified":"2025-10-29T23:53:23+00:00","breadcrumb":{"@id":"https:\/\/antojosfit.es\/aviso-legal\/#breadcrumb"},"inLanguage":"es","potentialAction":[{"@type":"ReadAction","target":["https:\/\/antojosfit.es\/aviso-legal\/"]}]},{"@type":"BreadcrumbList","@id":"https:\/\/antojosfit.es\/aviso-legal\/#breadcrumb","itemListElement":[{"@type":"ListItem","position":1,"name":"Portada","item":"https:\/\/antojosfit.es\/"},{"@type":"ListItem","position":2,"name":"Aviso Legal"}]},{"@type":"WebSite","@id":"https:\/\/antojosfit.es\/#website","url":"https:\/\/antojosfit.es\/","name":"Antojosfit","description":"Pasteler\u00eda y reposter\u00eda saludable en Madrid","publisher":{"@id":"https:\/\/antojosfit.es\/#organization"},"alternateName":"Antojosfit","potentialAction":[{"@type":"SearchAction","target":{"@type":"EntryPoint","urlTemplate":"https:\/\/antojosfit.es\/?s={search_term_string}"},"query-input":{"@type":"PropertyValueSpecification","valueRequired":true,"valueName":"search_term_string"}}],"inLanguage":"es"},{"@type":"Organization","@id":"https:\/\/antojosfit.es\/#organization","name":"Antojosfit","alternateName":"Antojosfit","url":"https:\/\/antojosfit.es\/","logo":{"@type":"ImageObject","inLanguage":"es","@id":"https:\/\/antojosfit.es\/#\/schema\/logo\/image\/","url":"https:\/\/antojosfit.es\/wp-content\/uploads\/2024\/11\/image_resized_512x512.png","contentUrl":"https:\/\/antojosfit.es\/wp-content\/uploads\/2024\/11\/image_resized_512x512.png","width":512,"height":512,"caption":"Antojosfit"},"image":{"@id":"https:\/\/antojosfit.es\/#\/schema\/logo\/image\/"},"sameAs":["https:\/\/www.facebook.com\/antojosfit.es"]}]}},"jetpack_sharing_enabled":true,"_links":{"self":[{"href":"https:\/\/antojosfit.es\/es\/wp-json\/wp\/v2\/pages\/1596","targetHints":{"allow":["GET"]}}],"collection":[{"href":"https:\/\/antojosfit.es\/es\/wp-json\/wp\/v2\/pages"}],"about":[{"href":"https:\/\/antojosfit.es\/es\/wp-json\/wp\/v2\/types\/page"}],"author":[{"embeddable":true,"href":"https:\/\/antojosfit.es\/es\/wp-json\/wp\/v2\/users\/1"}],"replies":[{"embeddable":true,"href":"https:\/\/antojosfit.es\/es\/wp-json\/wp\/v2\/comments?post=1596"}],"version-history":[{"count":22,"href":"https:\/\/antojosfit.es\/es\/wp-json\/wp\/v2\/pages\/1596\/revisions"}],"predecessor-version":[{"id":2076,"href":"https:\/\/antojosfit.es\/es\/wp-json\/wp\/v2\/pages\/1596\/revisions\/2076"}],"wp:attachment":[{"href":"https:\/\/antojosfit.es\/es\/wp-json\/wp\/v2\/media?parent=1596"}],"curies":[{"name":"wp","href":"https:\/\/api.w.org\/{rel}","templated":true}]}}